{"id":2429,"date":"2023-12-13T09:13:58","date_gmt":"2023-12-13T09:13:58","guid":{"rendered":"https:\/\/lexity.ma\/?page_id=2429"},"modified":"2023-12-13T09:15:41","modified_gmt":"2023-12-13T09:15:41","slug":"verre-feuillete","status":"publish","type":"page","link":"http:\/\/lexity.ma\/en\/verre-feuillete\/","title":{"rendered":"VERRE FEUILLET\u00c9"},"content":{"rendered":"<div data-elementor-type=\"wp-post\" data-elementor-id=\"2429\" class=\"elementor elementor-2429\">\n\t\t\t\t\t\t<section class=\"elementor-section elementor-top-section elementor-element elementor-element-3906703 elementor-section-full_width elementor-section-height-default elementor-section-height-default\" data-id=\"3906703\" data-element_type=\"section\" data-settings=\"{&quot;background_background&quot;:&quot;classic&quot;}\">\n\t\t\t\t\t\t\t<div class=\"elementor-background-overlay\"><\/div>\n\t\t\t\t\t\t\t<div class=\"elementor-container elementor-column-gap-default\">\n\t\t\t\t\t<div class=\"elementor-column elementor-col-100 elementor-top-column elementor-element elementor-element-24c9f1f\" data-id=\"24c9f1f\" data-element_type=\"column\">\n\t\t\t<div class=\"elementor-widget-wrap elementor-element-populated\">\n\t\t\t\t\t\t<div class=\"elementor-element elementor-element-a5e247a elementor-widget elementor-widget-heading\" data-id=\"a5e247a\" data-element_type=\"widget\" data-widget_type=\"heading.default\">\n\t\t\t\t<div class=\"elementor-widget-container\">\n\t\t\t<style>\/*! elementor - v3.21.0 - 26-05-2024 *\/\n.elementor-heading-title{padding:0;margin:0;line-height:1}.elementor-widget-heading .elementor-heading-title[class*=elementor-size-]>a{color:inherit;font-size:inherit;line-height:inherit}.elementor-widget-heading .elementor-heading-title.elementor-size-small{font-size:15px}.elementor-widget-heading .elementor-heading-title.elementor-size-medium{font-size:19px}.elementor-widget-heading .elementor-heading-title.elementor-size-large{font-size:29px}.elementor-widget-heading .elementor-heading-title.elementor-size-xl{font-size:39px}.elementor-widget-heading .elementor-heading-title.elementor-size-xxl{font-size:59px}<\/style><h1 class=\"elementor-heading-title elementor-size-default\">VERRE FEUILLET\u00c9<\/h1>\t\t<\/div>\n\t\t\t\t<\/div>\n\t\t\t\t\t<\/div>\n\t\t<\/div>\n\t\t\t\t\t<\/div>\n\t\t<\/section>\n\t\t\t\t<section class=\"elementor-section elementor-top-section elementor-element elementor-element-daedc92 elementor-section-boxed elementor-section-height-default elementor-section-height-default\" data-id=\"daedc92\" data-element_type=\"section\">\n\t\t\t\t\t\t<div class=\"elementor-container elementor-column-gap-default\">\n\t\t\t\t\t<div class=\"elementor-column elementor-col-100 elementor-top-column elementor-element elementor-element-0c35fd2\" data-id=\"0c35fd2\" data-element_type=\"column\">\n\t\t\t<div class=\"elementor-widget-wrap elementor-element-populated\">\n\t\t\t\t\t\t<div class=\"elementor-element elementor-element-478107e elementor-widget elementor-widget-heading\" data-id=\"478107e\" data-element_type=\"widget\" data-widget_type=\"heading.default\">\n\t\t\t\t<div class=\"elementor-widget-container\">\n\t\t\t<h2 class=\"elementor-heading-title elementor-size-default\"><h3 style=\"line-height: 1.2; font-size: 1.75rem; font-family: TTFirsNeueRegular, Arial, sans-serif; border-left: 6px solid rgb(100, 102, 107); padding-left: 16px; border-top-color: rgb(100, 102, 107); border-right-color: rgb(100, 102, 107); border-bottom-color: rgb(100, 102, 107); color: rgb(0, 0, 0); font-style: normal; text-transform: none; white-space: normal; margin-bottom: 1rem !important;\">VERRE FEUILLET\u00c9\n<\/h3><\/h2>\t\t<\/div>\n\t\t\t\t<\/div>\n\t\t\t\t<div class=\"elementor-element elementor-element-c656db3 elementor-widget elementor-widget-text-editor\" data-id=\"c656db3\" data-element_type=\"widget\" data-widget_type=\"text-editor.default\">\n\t\t\t\t<div class=\"elementor-widget-container\">\n\t\t\t<style>\/*! elementor - v3.21.0 - 26-05-2024 *\/\n.elementor-widget-text-editor.elementor-drop-cap-view-stacked .elementor-drop-cap{background-color:#69727d;color:#fff}.elementor-widget-text-editor.elementor-drop-cap-view-framed .elementor-drop-cap{color:#69727d;border:3px solid;background-color:transparent}.elementor-widget-text-editor:not(.elementor-drop-cap-view-default) .elementor-drop-cap{margin-top:8px}.elementor-widget-text-editor:not(.elementor-drop-cap-view-default) .elementor-drop-cap-letter{width:1em;height:1em}.elementor-widget-text-editor .elementor-drop-cap{float:left;text-align:center;line-height:1;font-size:50px}.elementor-widget-text-editor .elementor-drop-cap-letter{display:inline-block}<\/style>\t\t\t\t<p>Le verre feuillet\u00e9 \u2013 (en anglais \u00ab verre feuillet\u00e9 \u00bb parfois traduit par \u00ab verre feuillet\u00e9 \u00bb ce qui g\u00e9n\u00e8re cependant une confusion avec le proc\u00e9d\u00e9 de production \u00ab laminage \u00bb ) a \u00e9t\u00e9 invent\u00e9 en 1909 par le chi-miste fran\u00e7ais Edouard Benedictus . Le verre feuillet\u00e9 est fabriqu\u00e9 en joignant deux ou plusieurs couches de verre ordinaire en alternance avec une feuille de plastique de couleur laiteuse. Le PVB est mis en sandwich avec du verre qui est ensuite chauff\u00e9 \u00e0 70\u00b0C et press\u00e9 avec des rouleaux pour chasser l&#8217;air et joindre les mat\u00e9riaux. <br \/>L&#8217;op\u00e9ration se termine par l&#8217;insertion du sandwich ainsi compos\u00e9 dans un autoclave .\u00e0 temp\u00e9rature et pression constantes, o\u00f9 le processus d&#8217;expulsion de l&#8217;air est termin\u00e9, rendant ainsi le verre feuillet\u00e9 \u00e0 nouveau transparent. <br \/>Le verre feuillet\u00e9 est un verre de s\u00e9curit\u00e9 qui ne se brise pas en plu-sieurs morceaux lorsqu&#8217;il est fractur\u00e9. En cas de rupture, la couche interm\u00e9diaire, g\u00e9n\u00e9ralement constitu\u00e9e de polyvinylbutyral (PVB), intervient, maintenant ensemble les couches de verre qui l&#8217;entourent. <br \/>De cette fa\u00e7on, m\u00eame si le verre se brise, il n&#8217;abandonne pas son em-placement, risquant de mettre en danger les objets ou les personnes \u00e0 proximit\u00e9. <br \/>Chaque feuille stratifi\u00e9e peut \u00eatre compos\u00e9e de dif-f\u00e9rents types de verre, tels que tremp\u00e9, tremp\u00e9, \u00e9maill\u00e9 ou s\u00e9rigra-phie, et en fonction de la quantit\u00e9 et des types d&#8217;intercalaires utilis\u00e9s, elle peut pr\u00e9senter diff\u00e9rents types de caract\u00e9ristiques de s\u00e9curit\u00e9. Les classes principales peuvent \u00eatre divis\u00e9es en : S\u00e9curit\u00e9 simple \u2013 Anti-blessure et r\u00e9sis-tance aux impacts corporels mous ; Antieffraction &#8211; Anti-vandalisme &#8211; Hautes performances en termes de r\u00e9sistance aux attaques manuelles ; Bullet proof \u2013 Haute performance en mati\u00e8re de r\u00e9sistance aux balles d\u2019armes \u00e0 feu ; Lamin\u00e9 avec SG (SentryGlas) \u2013 Haute r\u00e9sistance m\u00e9canique et structurelle.<\/p>\t\t\t\t\t\t<\/div>\n\t\t\t\t<\/div>\n\t\t\t\t\t<\/div>\n\t\t<\/div>\n\t\t\t\t\t<\/div>\n\t\t<\/section>\n\t\t\t\t<\/div>","protected":false},"excerpt":{"rendered":"<p>VERRE FEUILLET\u00c9 VERRE FEUILLET\u00c9 Le verre feuillet\u00e9 \u2013 (en anglais \u00ab verre feuillet\u00e9 \u00bb parfois traduit par \u00ab verre feuillet\u00e9 \u00bb ce qui g\u00e9n\u00e8re cependant une confusion avec le proc\u00e9d\u00e9 de production \u00ab laminage \u00bb ) a \u00e9t\u00e9 invent\u00e9 en 1909 par le chi-miste fran\u00e7ais Edouard Benedictus . Le verre feuillet\u00e9 est fabriqu\u00e9 en joignant &hellip;<\/p>\n<p class=\"read-more\"> <a class=\"\" href=\"http:\/\/lexity.ma\/en\/verre-feuillete\/\"> <span class=\"screen-reader-text\">VERRE FEUILLET\u00c9<\/span> Read More &raquo;<\/a><\/p>","protected":false},"author":1,"featured_media":0,"parent":0,"menu_order":0,"comment_status":"closed","ping_status":"closed","template":"","meta":{"site-sidebar-layout":"no-sidebar","site-content-layout":"page-builder","ast-global-header-display":"","ast-main-header-display":"","ast-hfb-above-header-display":"","ast-hfb-below-header-display":"","ast-hfb-mobile-header-display":"","site-post-title":"disabled","ast-breadcrumbs-content":"","ast-featured-img":"disabled","footer-sml-layout":"","theme-transparent-header-meta":"enabled","adv-header-id-meta":"","stick-header-meta":"","header-above-stick-meta":"","header-main-stick-meta":"","header-below-stick-meta":"","footnotes":""},"class_list":["post-2429","page","type-page","status-publish","hentry"],"yoast_head":"<!-- This site is optimized with the Yoast SEO Premium plugin v20.2.1 (Yoast SEO v20.6) - https:\/\/yoast.com\/wordpress\/plugins\/seo\/ -->\n<title>VERRE FEUILLET\u00c9 - Lexity Maroc<\/title>\n<meta name=\"robots\" content=\"index, follow, max-snippet:-1, max-image-preview:large, max-video-preview:-1\" \/>\n<link rel=\"canonical\" href=\"http:\/\/lexity.ma\/en\/verre-feuillete\/\" \/>\n<meta property=\"og:locale\" content=\"en_GB\" \/>\n<meta property=\"og:type\" content=\"article\" \/>\n<meta property=\"og:title\" content=\"VERRE FEUILLET\u00c9\" \/>\n<meta property=\"og:description\" content=\"VERRE FEUILLET\u00c9 VERRE FEUILLET\u00c9 Le verre feuillet\u00e9 \u2013 (en anglais \u00ab verre feuillet\u00e9 \u00bb parfois traduit par \u00ab verre feuillet\u00e9 \u00bb ce qui g\u00e9n\u00e8re cependant une confusion avec le proc\u00e9d\u00e9 de production \u00ab laminage \u00bb ) a \u00e9t\u00e9 invent\u00e9 en 1909 par le chi-miste fran\u00e7ais Edouard Benedictus . Le verre feuillet\u00e9 est fabriqu\u00e9 en joignant &hellip; VERRE FEUILLET\u00c9 Read More &raquo;\" \/>\n<meta property=\"og:url\" content=\"http:\/\/lexity.ma\/en\/verre-feuillete\/\" \/>\n<meta property=\"og:site_name\" content=\"Lexity Maroc\" \/>\n<meta property=\"article:modified_time\" content=\"2023-12-13T09:15:41+00:00\" \/>\n<meta name=\"twitter:card\" content=\"summary_large_image\" \/>\n<meta name=\"twitter:label1\" content=\"Est. reading time\" \/>\n\t<meta name=\"twitter:data1\" content=\"2 minutes\" \/>\n<script type=\"application\/ld+json\" class=\"yoast-schema-graph\">{\"@context\":\"https:\/\/schema.org\",\"@graph\":[{\"@type\":\"WebPage\",\"@id\":\"http:\/\/lexity.ma\/verre-feuillete\/\",\"url\":\"http:\/\/lexity.ma\/verre-feuillete\/\",\"name\":\"VERRE FEUILLET\u00c9 - Lexity Maroc\",\"isPartOf\":{\"@id\":\"https:\/\/lexity.ma\/#website\"},\"datePublished\":\"2023-12-13T09:13:58+00:00\",\"dateModified\":\"2023-12-13T09:15:41+00:00\",\"breadcrumb\":{\"@id\":\"http:\/\/lexity.ma\/verre-feuillete\/#breadcrumb\"},\"inLanguage\":\"en-GB\",\"potentialAction\":[{\"@type\":\"ReadAction\",\"target\":[\"http:\/\/lexity.ma\/verre-feuillete\/\"]}]},{\"@type\":\"BreadcrumbList\",\"@id\":\"http:\/\/lexity.ma\/verre-feuillete\/#breadcrumb\",\"itemListElement\":[{\"@type\":\"ListItem\",\"position\":1,\"name\":\"Home\",\"item\":\"http:\/\/lexity.ma\/\"},{\"@type\":\"ListItem\",\"position\":2,\"name\":\"VERRE FEUILLET\u00c9\"}]},{\"@type\":\"WebSite\",\"@id\":\"https:\/\/lexity.ma\/#website\",\"url\":\"https:\/\/lexity.ma\/\",\"name\":\"Lexity Maroc\",\"description\":\"Entreprise de menuiserie et vitrerie aluminium : un savoir-faire artisanal.\",\"publisher\":{\"@id\":\"https:\/\/lexity.ma\/#organization\"},\"potentialAction\":[{\"@type\":\"SearchAction\",\"target\":{\"@type\":\"EntryPoint\",\"urlTemplate\":\"https:\/\/lexity.ma\/?s={search_term_string}\"},\"query-input\":\"required name=search_term_string\"}],\"inLanguage\":\"en-GB\"},{\"@type\":\"Organization\",\"@id\":\"https:\/\/lexity.ma\/#organization\",\"name\":\"Lexity Maroc\",\"url\":\"https:\/\/lexity.ma\/\",\"logo\":{\"@type\":\"ImageObject\",\"inLanguage\":\"en-GB\",\"@id\":\"https:\/\/lexity.ma\/#\/schema\/logo\/image\/\",\"url\":\"http:\/\/lexity.ma\/wp-content\/uploads\/2023\/12\/cropped-LEXITY-LOGOS-03-1.png\",\"contentUrl\":\"http:\/\/lexity.ma\/wp-content\/uploads\/2023\/12\/cropped-LEXITY-LOGOS-03-1.png\",\"width\":2201,\"height\":2201,\"caption\":\"Lexity Maroc\"},\"image\":{\"@id\":\"https:\/\/lexity.ma\/#\/schema\/logo\/image\/\"}}]}<\/script>\n<!-- \/ Yoast SEO Premium plugin. -->","yoast_head_json":{"title":"VERRE FEUILLET\u00c9 - Lexity Maroc","robots":{"index":"index","follow":"follow","max-snippet":"max-snippet:-1","max-image-preview":"max-image-preview:large","max-video-preview":"max-video-preview:-1"},"canonical":"http:\/\/lexity.ma\/en\/verre-feuillete\/","og_locale":"en_GB","og_type":"article","og_title":"VERRE FEUILLET\u00c9","og_description":"VERRE FEUILLET\u00c9 VERRE FEUILLET\u00c9 Le verre feuillet\u00e9 \u2013 (en anglais \u00ab verre feuillet\u00e9 \u00bb parfois traduit par \u00ab verre feuillet\u00e9 \u00bb ce qui g\u00e9n\u00e8re cependant une confusion avec le proc\u00e9d\u00e9 de production \u00ab laminage \u00bb ) a \u00e9t\u00e9 invent\u00e9 en 1909 par le chi-miste fran\u00e7ais Edouard Benedictus . Le verre feuillet\u00e9 est fabriqu\u00e9 en joignant &hellip; VERRE FEUILLET\u00c9 Read More &raquo;","og_url":"http:\/\/lexity.ma\/en\/verre-feuillete\/","og_site_name":"Lexity Maroc","article_modified_time":"2023-12-13T09:15:41+00:00","twitter_card":"summary_large_image","twitter_misc":{"Est. reading time":"2 minutes"},"schema":{"@context":"https:\/\/schema.org","@graph":[{"@type":"WebPage","@id":"http:\/\/lexity.ma\/verre-feuillete\/","url":"http:\/\/lexity.ma\/verre-feuillete\/","name":"VERRE FEUILLET\u00c9 - Lexity Maroc","isPartOf":{"@id":"https:\/\/lexity.ma\/#website"},"datePublished":"2023-12-13T09:13:58+00:00","dateModified":"2023-12-13T09:15:41+00:00","breadcrumb":{"@id":"http:\/\/lexity.ma\/verre-feuillete\/#breadcrumb"},"inLanguage":"en-GB","potentialAction":[{"@type":"ReadAction","target":["http:\/\/lexity.ma\/verre-feuillete\/"]}]},{"@type":"BreadcrumbList","@id":"http:\/\/lexity.ma\/verre-feuillete\/#breadcrumb","itemListElement":[{"@type":"ListItem","position":1,"name":"Home","item":"http:\/\/lexity.ma\/"},{"@type":"ListItem","position":2,"name":"VERRE FEUILLET\u00c9"}]},{"@type":"WebSite","@id":"https:\/\/lexity.ma\/#website","url":"https:\/\/lexity.ma\/","name":"Lexity Maroc","description":"Entreprise de menuiserie et vitrerie aluminium : un savoir-faire artisanal.","publisher":{"@id":"https:\/\/lexity.ma\/#organization"},"potentialAction":[{"@type":"SearchAction","target":{"@type":"EntryPoint","urlTemplate":"https:\/\/lexity.ma\/?s={search_term_string}"},"query-input":"required name=search_term_string"}],"inLanguage":"en-GB"},{"@type":"Organization","@id":"https:\/\/lexity.ma\/#organization","name":"Lexity Maroc","url":"https:\/\/lexity.ma\/","logo":{"@type":"ImageObject","inLanguage":"en-GB","@id":"https:\/\/lexity.ma\/#\/schema\/logo\/image\/","url":"http:\/\/lexity.ma\/wp-content\/uploads\/2023\/12\/cropped-LEXITY-LOGOS-03-1.png","contentUrl":"http:\/\/lexity.ma\/wp-content\/uploads\/2023\/12\/cropped-LEXITY-LOGOS-03-1.png","width":2201,"height":2201,"caption":"Lexity Maroc"},"image":{"@id":"https:\/\/lexity.ma\/#\/schema\/logo\/image\/"}}]}},"_links":{"self":[{"href":"http:\/\/lexity.ma\/en\/wp-json\/wp\/v2\/pages\/2429","targetHints":{"allow":["GET"]}}],"collection":[{"href":"http:\/\/lexity.ma\/en\/wp-json\/wp\/v2\/pages"}],"about":[{"href":"http:\/\/lexity.ma\/en\/wp-json\/wp\/v2\/types\/page"}],"author":[{"embeddable":true,"href":"http:\/\/lexity.ma\/en\/wp-json\/wp\/v2\/users\/1"}],"replies":[{"embeddable":true,"href":"http:\/\/lexity.ma\/en\/wp-json\/wp\/v2\/comments?post=2429"}],"version-history":[{"count":4,"href":"http:\/\/lexity.ma\/en\/wp-json\/wp\/v2\/pages\/2429\/revisions"}],"predecessor-version":[{"id":2449,"href":"http:\/\/lexity.ma\/en\/wp-json\/wp\/v2\/pages\/2429\/revisions\/2449"}],"wp:attachment":[{"href":"http:\/\/lexity.ma\/en\/wp-json\/wp\/v2\/media?parent=2429"}],"curies":[{"name":"wp","href":"https:\/\/api.w.org\/{rel}","templated":true}]}}