{"id":2428,"date":"2023-12-13T09:12:43","date_gmt":"2023-12-13T09:12:43","guid":{"rendered":"https:\/\/lexity.ma\/?page_id=2428"},"modified":"2023-12-13T09:13:43","modified_gmt":"2023-12-13T09:13:43","slug":"lacobel-couleur-verre-trempe-laque","status":"publish","type":"page","link":"http:\/\/lexity.ma\/en\/lacobel-couleur-verre-trempe-laque\/","title":{"rendered":"LACOBEL COULEUR (Verre tremp\u00e9 laqu\u00e9)"},"content":{"rendered":"<div data-elementor-type=\"wp-post\" data-elementor-id=\"2428\" class=\"elementor elementor-2428\">\n\t\t\t\t\t\t<section class=\"elementor-section elementor-top-section elementor-element elementor-element-3906703 elementor-section-full_width elementor-section-height-default elementor-section-height-default\" data-id=\"3906703\" data-element_type=\"section\" data-settings=\"{&quot;background_background&quot;:&quot;classic&quot;}\">\n\t\t\t\t\t\t\t<div class=\"elementor-background-overlay\"><\/div>\n\t\t\t\t\t\t\t<div class=\"elementor-container elementor-column-gap-default\">\n\t\t\t\t\t<div class=\"elementor-column elementor-col-100 elementor-top-column elementor-element elementor-element-24c9f1f\" data-id=\"24c9f1f\" data-element_type=\"column\">\n\t\t\t<div class=\"elementor-widget-wrap elementor-element-populated\">\n\t\t\t\t\t\t<div class=\"elementor-element elementor-element-a5e247a elementor-widget elementor-widget-heading\" data-id=\"a5e247a\" data-element_type=\"widget\" data-widget_type=\"heading.default\">\n\t\t\t\t<div class=\"elementor-widget-container\">\n\t\t\t<style>\/*! elementor - v3.21.0 - 26-05-2024 *\/\n.elementor-heading-title{padding:0;margin:0;line-height:1}.elementor-widget-heading .elementor-heading-title[class*=elementor-size-]>a{color:inherit;font-size:inherit;line-height:inherit}.elementor-widget-heading .elementor-heading-title.elementor-size-small{font-size:15px}.elementor-widget-heading .elementor-heading-title.elementor-size-medium{font-size:19px}.elementor-widget-heading .elementor-heading-title.elementor-size-large{font-size:29px}.elementor-widget-heading .elementor-heading-title.elementor-size-xl{font-size:39px}.elementor-widget-heading .elementor-heading-title.elementor-size-xxl{font-size:59px}<\/style><h1 class=\"elementor-heading-title elementor-size-default\">LACOBEL COULEUR\n(Verre tremp\u00e9 laqu\u00e9)<\/h1>\t\t<\/div>\n\t\t\t\t<\/div>\n\t\t\t\t\t<\/div>\n\t\t<\/div>\n\t\t\t\t\t<\/div>\n\t\t<\/section>\n\t\t\t\t<section class=\"elementor-section elementor-top-section elementor-element elementor-element-daedc92 elementor-section-boxed elementor-section-height-default elementor-section-height-default\" data-id=\"daedc92\" data-element_type=\"section\">\n\t\t\t\t\t\t<div class=\"elementor-container elementor-column-gap-default\">\n\t\t\t\t\t<div class=\"elementor-column elementor-col-100 elementor-top-column elementor-element elementor-element-0c35fd2\" data-id=\"0c35fd2\" data-element_type=\"column\">\n\t\t\t<div class=\"elementor-widget-wrap elementor-element-populated\">\n\t\t\t\t\t\t<div class=\"elementor-element elementor-element-478107e elementor-widget elementor-widget-heading\" data-id=\"478107e\" data-element_type=\"widget\" data-widget_type=\"heading.default\">\n\t\t\t\t<div class=\"elementor-widget-container\">\n\t\t\t<h2 class=\"elementor-heading-title elementor-size-default\"><h3 style=\"line-height: 1.2; font-size: 1.75rem; font-family: TTFirsNeueRegular, Arial, sans-serif; border-left: 6px solid rgb(100, 102, 107); padding-left: 16px; border-top-color: rgb(100, 102, 107); border-right-color: rgb(100, 102, 107); border-bottom-color: rgb(100, 102, 107); color: rgb(0, 0, 0); font-style: normal; text-transform: none; white-space: normal; margin-bottom: 1rem !important;\">LACOBEL COULEUR\n(Verre tremp\u00e9 laqu\u00e9)\n<\/h3><\/h2>\t\t<\/div>\n\t\t\t\t<\/div>\n\t\t\t\t<div class=\"elementor-element elementor-element-c656db3 elementor-widget elementor-widget-text-editor\" data-id=\"c656db3\" data-element_type=\"widget\" data-widget_type=\"text-editor.default\">\n\t\t\t\t<div class=\"elementor-widget-container\">\n\t\t\t<style>\/*! elementor - v3.21.0 - 26-05-2024 *\/\n.elementor-widget-text-editor.elementor-drop-cap-view-stacked .elementor-drop-cap{background-color:#69727d;color:#fff}.elementor-widget-text-editor.elementor-drop-cap-view-framed .elementor-drop-cap{color:#69727d;border:3px solid;background-color:transparent}.elementor-widget-text-editor:not(.elementor-drop-cap-view-default) .elementor-drop-cap{margin-top:8px}.elementor-widget-text-editor:not(.elementor-drop-cap-view-default) .elementor-drop-cap-letter{width:1em;height:1em}.elementor-widget-text-editor .elementor-drop-cap{float:left;text-align:center;line-height:1;font-size:50px}.elementor-widget-text-editor .elementor-drop-cap-letter{display:inline-block}<\/style>\t\t\t\t<p>Lacobel, le verre tremp\u00e9 laqu\u00e9 \u2013 Verre float dont une face est re-couverte d&#8217;une peinture \u00e9maill\u00e9e de haute qualit\u00e9 qui doit \u00eatre trait\u00e9e thermiquement. Disponible en 15 coloris contemporains, c&#8217;est un verre robuste, s\u00fbr et extr\u00eamement r\u00e9sistant \u00e0 la chaleur, aux chocs thermiques et aux UV, donc adapt\u00e9 \u00e0 une utilisation aussi bien en int\u00e9rieur (mobilier et rev\u00eatements muraux) qu&#8217;en ext\u00e9rieur (bardage de fa\u00e7ade, sous-fen\u00eatres). Il r\u00e9siste aux chocs thermiques et est cinq fois plus r\u00e9sistant gr\u00e2ce au processus de durcissement ; il est donc indiqu\u00e9 dans de nombreuses situa-tions. <br \/>De plus, il pr\u00e9sente un aspect lisse, homog\u00e8ne et brillant, ce qui facilite la pose et l&#8217;entretien.<\/p>\t\t\t\t\t\t<\/div>\n\t\t\t\t<\/div>\n\t\t\t\t\t<\/div>\n\t\t<\/div>\n\t\t\t\t\t<\/div>\n\t\t<\/section>\n\t\t\t\t<\/div>","protected":false},"excerpt":{"rendered":"<p>LACOBEL COULEUR (Verre tremp\u00e9 laqu\u00e9) LACOBEL COULEUR (Verre tremp\u00e9 laqu\u00e9) Lacobel, le verre tremp\u00e9 laqu\u00e9 \u2013 Verre float dont une face est re-couverte d&#8217;une peinture \u00e9maill\u00e9e de haute qualit\u00e9 qui doit \u00eatre trait\u00e9e thermiquement. Disponible en 15 coloris contemporains, c&#8217;est un verre robuste, s\u00fbr et extr\u00eamement r\u00e9sistant \u00e0 la chaleur, aux chocs thermiques et aux &hellip;<\/p>\n<p class=\"read-more\"> <a class=\"\" href=\"http:\/\/lexity.ma\/en\/lacobel-couleur-verre-trempe-laque\/\"> <span class=\"screen-reader-text\">LACOBEL COULEUR (Verre tremp\u00e9 laqu\u00e9)<\/span> Read More &raquo;<\/a><\/p>","protected":false},"author":1,"featured_media":0,"parent":0,"menu_order":0,"comment_status":"closed","ping_status":"closed","template":"","meta":{"site-sidebar-layout":"no-sidebar","site-content-layout":"page-builder","ast-global-header-display":"","ast-main-header-display":"","ast-hfb-above-header-display":"","ast-hfb-below-header-display":"","ast-hfb-mobile-header-display":"","site-post-title":"disabled","ast-breadcrumbs-content":"","ast-featured-img":"disabled","footer-sml-layout":"","theme-transparent-header-meta":"enabled","adv-header-id-meta":"","stick-header-meta":"","header-above-stick-meta":"","header-main-stick-meta":"","header-below-stick-meta":"","footnotes":""},"class_list":["post-2428","page","type-page","status-publish","hentry"],"yoast_head":"<!-- This site is optimized with the Yoast SEO Premium plugin v20.2.1 (Yoast SEO v20.6) - https:\/\/yoast.com\/wordpress\/plugins\/seo\/ -->\n<title>LACOBEL COULEUR (Verre tremp\u00e9 laqu\u00e9) - Lexity Maroc<\/title>\n<meta name=\"robots\" content=\"index, follow, max-snippet:-1, max-image-preview:large, max-video-preview:-1\" \/>\n<link rel=\"canonical\" href=\"http:\/\/lexity.ma\/en\/lacobel-couleur-verre-trempe-laque\/\" \/>\n<meta property=\"og:locale\" content=\"en_GB\" \/>\n<meta property=\"og:type\" content=\"article\" \/>\n<meta property=\"og:title\" content=\"LACOBEL COULEUR (Verre tremp\u00e9 laqu\u00e9)\" \/>\n<meta property=\"og:description\" content=\"LACOBEL COULEUR (Verre tremp\u00e9 laqu\u00e9) LACOBEL COULEUR (Verre tremp\u00e9 laqu\u00e9) Lacobel, le verre tremp\u00e9 laqu\u00e9 \u2013 Verre float dont une face est re-couverte d&#8217;une peinture \u00e9maill\u00e9e de haute qualit\u00e9 qui doit \u00eatre trait\u00e9e thermiquement. Disponible en 15 coloris contemporains, c&#8217;est un verre robuste, s\u00fbr et extr\u00eamement r\u00e9sistant \u00e0 la chaleur, aux chocs thermiques et aux &hellip; LACOBEL COULEUR (Verre tremp\u00e9 laqu\u00e9) Read More &raquo;\" \/>\n<meta property=\"og:url\" content=\"http:\/\/lexity.ma\/en\/lacobel-couleur-verre-trempe-laque\/\" \/>\n<meta property=\"og:site_name\" content=\"Lexity Maroc\" \/>\n<meta property=\"article:modified_time\" content=\"2023-12-13T09:13:43+00:00\" \/>\n<meta name=\"twitter:card\" content=\"summary_large_image\" \/>\n<meta name=\"twitter:label1\" content=\"Est. reading time\" \/>\n\t<meta name=\"twitter:data1\" content=\"1 minute\" \/>\n<script type=\"application\/ld+json\" class=\"yoast-schema-graph\">{\"@context\":\"https:\/\/schema.org\",\"@graph\":[{\"@type\":\"WebPage\",\"@id\":\"http:\/\/lexity.ma\/lacobel-couleur-verre-trempe-laque\/\",\"url\":\"http:\/\/lexity.ma\/lacobel-couleur-verre-trempe-laque\/\",\"name\":\"LACOBEL COULEUR (Verre tremp\u00e9 laqu\u00e9) - Lexity Maroc\",\"isPartOf\":{\"@id\":\"https:\/\/lexity.ma\/#website\"},\"datePublished\":\"2023-12-13T09:12:43+00:00\",\"dateModified\":\"2023-12-13T09:13:43+00:00\",\"breadcrumb\":{\"@id\":\"http:\/\/lexity.ma\/lacobel-couleur-verre-trempe-laque\/#breadcrumb\"},\"inLanguage\":\"en-GB\",\"potentialAction\":[{\"@type\":\"ReadAction\",\"target\":[\"http:\/\/lexity.ma\/lacobel-couleur-verre-trempe-laque\/\"]}]},{\"@type\":\"BreadcrumbList\",\"@id\":\"http:\/\/lexity.ma\/lacobel-couleur-verre-trempe-laque\/#breadcrumb\",\"itemListElement\":[{\"@type\":\"ListItem\",\"position\":1,\"name\":\"Home\",\"item\":\"http:\/\/lexity.ma\/\"},{\"@type\":\"ListItem\",\"position\":2,\"name\":\"LACOBEL COULEUR (Verre tremp\u00e9 laqu\u00e9)\"}]},{\"@type\":\"WebSite\",\"@id\":\"https:\/\/lexity.ma\/#website\",\"url\":\"https:\/\/lexity.ma\/\",\"name\":\"Lexity Maroc\",\"description\":\"Entreprise de menuiserie et vitrerie aluminium : un savoir-faire artisanal.\",\"publisher\":{\"@id\":\"https:\/\/lexity.ma\/#organization\"},\"potentialAction\":[{\"@type\":\"SearchAction\",\"target\":{\"@type\":\"EntryPoint\",\"urlTemplate\":\"https:\/\/lexity.ma\/?s={search_term_string}\"},\"query-input\":\"required name=search_term_string\"}],\"inLanguage\":\"en-GB\"},{\"@type\":\"Organization\",\"@id\":\"https:\/\/lexity.ma\/#organization\",\"name\":\"Lexity Maroc\",\"url\":\"https:\/\/lexity.ma\/\",\"logo\":{\"@type\":\"ImageObject\",\"inLanguage\":\"en-GB\",\"@id\":\"https:\/\/lexity.ma\/#\/schema\/logo\/image\/\",\"url\":\"http:\/\/lexity.ma\/wp-content\/uploads\/2023\/12\/cropped-LEXITY-LOGOS-03-1.png\",\"contentUrl\":\"http:\/\/lexity.ma\/wp-content\/uploads\/2023\/12\/cropped-LEXITY-LOGOS-03-1.png\",\"width\":2201,\"height\":2201,\"caption\":\"Lexity Maroc\"},\"image\":{\"@id\":\"https:\/\/lexity.ma\/#\/schema\/logo\/image\/\"}}]}<\/script>\n<!-- \/ Yoast SEO Premium plugin. -->","yoast_head_json":{"title":"LACOBEL COULEUR (Verre tremp\u00e9 laqu\u00e9) - Lexity Maroc","robots":{"index":"index","follow":"follow","max-snippet":"max-snippet:-1","max-image-preview":"max-image-preview:large","max-video-preview":"max-video-preview:-1"},"canonical":"http:\/\/lexity.ma\/en\/lacobel-couleur-verre-trempe-laque\/","og_locale":"en_GB","og_type":"article","og_title":"LACOBEL COULEUR (Verre tremp\u00e9 laqu\u00e9)","og_description":"LACOBEL COULEUR (Verre tremp\u00e9 laqu\u00e9) LACOBEL COULEUR (Verre tremp\u00e9 laqu\u00e9) Lacobel, le verre tremp\u00e9 laqu\u00e9 \u2013 Verre float dont une face est re-couverte d&#8217;une peinture \u00e9maill\u00e9e de haute qualit\u00e9 qui doit \u00eatre trait\u00e9e thermiquement. Disponible en 15 coloris contemporains, c&#8217;est un verre robuste, s\u00fbr et extr\u00eamement r\u00e9sistant \u00e0 la chaleur, aux chocs thermiques et aux &hellip; LACOBEL COULEUR (Verre tremp\u00e9 laqu\u00e9) Read More &raquo;","og_url":"http:\/\/lexity.ma\/en\/lacobel-couleur-verre-trempe-laque\/","og_site_name":"Lexity Maroc","article_modified_time":"2023-12-13T09:13:43+00:00","twitter_card":"summary_large_image","twitter_misc":{"Est. reading time":"1 minute"},"schema":{"@context":"https:\/\/schema.org","@graph":[{"@type":"WebPage","@id":"http:\/\/lexity.ma\/lacobel-couleur-verre-trempe-laque\/","url":"http:\/\/lexity.ma\/lacobel-couleur-verre-trempe-laque\/","name":"LACOBEL COULEUR (Verre tremp\u00e9 laqu\u00e9) - Lexity Maroc","isPartOf":{"@id":"https:\/\/lexity.ma\/#website"},"datePublished":"2023-12-13T09:12:43+00:00","dateModified":"2023-12-13T09:13:43+00:00","breadcrumb":{"@id":"http:\/\/lexity.ma\/lacobel-couleur-verre-trempe-laque\/#breadcrumb"},"inLanguage":"en-GB","potentialAction":[{"@type":"ReadAction","target":["http:\/\/lexity.ma\/lacobel-couleur-verre-trempe-laque\/"]}]},{"@type":"BreadcrumbList","@id":"http:\/\/lexity.ma\/lacobel-couleur-verre-trempe-laque\/#breadcrumb","itemListElement":[{"@type":"ListItem","position":1,"name":"Home","item":"http:\/\/lexity.ma\/"},{"@type":"ListItem","position":2,"name":"LACOBEL COULEUR (Verre tremp\u00e9 laqu\u00e9)"}]},{"@type":"WebSite","@id":"https:\/\/lexity.ma\/#website","url":"https:\/\/lexity.ma\/","name":"Lexity Maroc","description":"Entreprise de menuiserie et vitrerie aluminium : un savoir-faire artisanal.","publisher":{"@id":"https:\/\/lexity.ma\/#organization"},"potentialAction":[{"@type":"SearchAction","target":{"@type":"EntryPoint","urlTemplate":"https:\/\/lexity.ma\/?s={search_term_string}"},"query-input":"required name=search_term_string"}],"inLanguage":"en-GB"},{"@type":"Organization","@id":"https:\/\/lexity.ma\/#organization","name":"Lexity Maroc","url":"https:\/\/lexity.ma\/","logo":{"@type":"ImageObject","inLanguage":"en-GB","@id":"https:\/\/lexity.ma\/#\/schema\/logo\/image\/","url":"http:\/\/lexity.ma\/wp-content\/uploads\/2023\/12\/cropped-LEXITY-LOGOS-03-1.png","contentUrl":"http:\/\/lexity.ma\/wp-content\/uploads\/2023\/12\/cropped-LEXITY-LOGOS-03-1.png","width":2201,"height":2201,"caption":"Lexity Maroc"},"image":{"@id":"https:\/\/lexity.ma\/#\/schema\/logo\/image\/"}}]}},"_links":{"self":[{"href":"http:\/\/lexity.ma\/en\/wp-json\/wp\/v2\/pages\/2428","targetHints":{"allow":["GET"]}}],"collection":[{"href":"http:\/\/lexity.ma\/en\/wp-json\/wp\/v2\/pages"}],"about":[{"href":"http:\/\/lexity.ma\/en\/wp-json\/wp\/v2\/types\/page"}],"author":[{"embeddable":true,"href":"http:\/\/lexity.ma\/en\/wp-json\/wp\/v2\/users\/1"}],"replies":[{"embeddable":true,"href":"http:\/\/lexity.ma\/en\/wp-json\/wp\/v2\/comments?post=2428"}],"version-history":[{"count":4,"href":"http:\/\/lexity.ma\/en\/wp-json\/wp\/v2\/pages\/2428\/revisions"}],"predecessor-version":[{"id":2445,"href":"http:\/\/lexity.ma\/en\/wp-json\/wp\/v2\/pages\/2428\/revisions\/2445"}],"wp:attachment":[{"href":"http:\/\/lexity.ma\/en\/wp-json\/wp\/v2\/media?parent=2428"}],"curies":[{"name":"wp","href":"https:\/\/api.w.org\/{rel}","templated":true}]}}