{"id":2357,"date":"2023-12-12T17:21:14","date_gmt":"2023-12-12T17:21:14","guid":{"rendered":"https:\/\/lexity.ma\/?page_id=2357"},"modified":"2023-12-12T17:24:07","modified_gmt":"2023-12-12T17:24:07","slug":"elasticite-productive","status":"publish","type":"page","link":"http:\/\/lexity.ma\/en\/elasticite-productive\/","title":{"rendered":"\u00c9LASTICIT\u00c9 PRODUCTIVE"},"content":{"rendered":"<div data-elementor-type=\"wp-post\" data-elementor-id=\"2357\" class=\"elementor elementor-2357\">\n\t\t\t\t\t\t<section class=\"elementor-section elementor-top-section elementor-element elementor-element-3906703 elementor-section-full_width elementor-section-height-default elementor-section-height-default\" data-id=\"3906703\" data-element_type=\"section\" data-settings=\"{&quot;background_background&quot;:&quot;classic&quot;}\">\n\t\t\t\t\t\t\t<div class=\"elementor-background-overlay\"><\/div>\n\t\t\t\t\t\t\t<div class=\"elementor-container elementor-column-gap-default\">\n\t\t\t\t\t<div class=\"elementor-column elementor-col-100 elementor-top-column elementor-element elementor-element-24c9f1f\" data-id=\"24c9f1f\" data-element_type=\"column\">\n\t\t\t<div class=\"elementor-widget-wrap elementor-element-populated\">\n\t\t\t\t\t\t<div class=\"elementor-element elementor-element-a5e247a elementor-widget elementor-widget-heading\" data-id=\"a5e247a\" data-element_type=\"widget\" data-widget_type=\"heading.default\">\n\t\t\t\t<div class=\"elementor-widget-container\">\n\t\t\t<style>\/*! elementor - v3.21.0 - 26-05-2024 *\/\n.elementor-heading-title{padding:0;margin:0;line-height:1}.elementor-widget-heading .elementor-heading-title[class*=elementor-size-]>a{color:inherit;font-size:inherit;line-height:inherit}.elementor-widget-heading .elementor-heading-title.elementor-size-small{font-size:15px}.elementor-widget-heading .elementor-heading-title.elementor-size-medium{font-size:19px}.elementor-widget-heading .elementor-heading-title.elementor-size-large{font-size:29px}.elementor-widget-heading .elementor-heading-title.elementor-size-xl{font-size:39px}.elementor-widget-heading .elementor-heading-title.elementor-size-xxl{font-size:59px}<\/style><h1 class=\"elementor-heading-title elementor-size-default\">\u00c9LASTICIT\u00c9 PRODUCTIVE<\/h1>\t\t<\/div>\n\t\t\t\t<\/div>\n\t\t\t\t\t<\/div>\n\t\t<\/div>\n\t\t\t\t\t<\/div>\n\t\t<\/section>\n\t\t\t\t<section class=\"elementor-section elementor-top-section elementor-element elementor-element-daedc92 elementor-section-boxed elementor-section-height-default elementor-section-height-default\" data-id=\"daedc92\" data-element_type=\"section\">\n\t\t\t\t\t\t<div class=\"elementor-container elementor-column-gap-default\">\n\t\t\t\t\t<div class=\"elementor-column elementor-col-100 elementor-top-column elementor-element elementor-element-0c35fd2\" data-id=\"0c35fd2\" data-element_type=\"column\">\n\t\t\t<div class=\"elementor-widget-wrap elementor-element-populated\">\n\t\t\t\t\t\t<div class=\"elementor-element elementor-element-478107e elementor-widget elementor-widget-heading\" data-id=\"478107e\" data-element_type=\"widget\" data-widget_type=\"heading.default\">\n\t\t\t\t<div class=\"elementor-widget-container\">\n\t\t\t<h2 class=\"elementor-heading-title elementor-size-default\"><h3 style=\"line-height: 1.2; font-size: 1.75rem; font-family: TTFirsNeueRegular, Arial, sans-serif; border-left: 6px solid rgb(100, 102, 107); padding-left: 16px; border-top-color: rgb(100, 102, 107); border-right-color: rgb(100, 102, 107); border-bottom-color: rgb(100, 102, 107); color: rgb(0, 0, 0); font-style: normal; text-transform: none; white-space: normal; margin-bottom: 1rem !important;\">\u00c9LASTICIT\u00c9 PRODUCTIVE\n<\/h3><\/h2>\t\t<\/div>\n\t\t\t\t<\/div>\n\t\t\t\t<div class=\"elementor-element elementor-element-c656db3 elementor-widget elementor-widget-text-editor\" data-id=\"c656db3\" data-element_type=\"widget\" data-widget_type=\"text-editor.default\">\n\t\t\t\t<div class=\"elementor-widget-container\">\n\t\t\t<style>\/*! elementor - v3.21.0 - 26-05-2024 *\/\n.elementor-widget-text-editor.elementor-drop-cap-view-stacked .elementor-drop-cap{background-color:#69727d;color:#fff}.elementor-widget-text-editor.elementor-drop-cap-view-framed .elementor-drop-cap{color:#69727d;border:3px solid;background-color:transparent}.elementor-widget-text-editor:not(.elementor-drop-cap-view-default) .elementor-drop-cap{margin-top:8px}.elementor-widget-text-editor:not(.elementor-drop-cap-view-default) .elementor-drop-cap-letter{width:1em;height:1em}.elementor-widget-text-editor .elementor-drop-cap{float:left;text-align:center;line-height:1;font-size:50px}.elementor-widget-text-editor .elementor-drop-cap-letter{display:inline-block}<\/style>\t\t\t\t<p>Lexity AV propose assistance et conseil dans la phase de conception avant la production finale, propose des services de production et de transformation du verre, trempe, laminage \u00e9galement avec PVB color\u00e9, impression num\u00e9rique sur verre monolithique et feuillet\u00e9, et r\u00e9alise l&#8217;installation gr\u00e2ce \u00e0 un personnel sp\u00e9cialis\u00e9. <br \/>Lexity AV offre la possibilit\u00e9 de produire des articles en s\u00e9rie, en quantit\u00e9s uniques, en \u00e9chantillons et sur projet. <br \/>Lexity AV utilise des machines de pointe pour satisfaire chaque demande. <br \/>Il dispose de lignes pour couper le verre monolithique et feuillet\u00e9, de meulage horizontal du verre \u00e0 commande num\u00e9rique pour portes et formes, de deux lignes verticales pour le meulage du verre plat\/feuillet\u00e9, d&#8217;une sableuse, d&#8217;une perceuse, d&#8217;une plaqueuse de chants horizontale pour le meulage de petites formes, d&#8217;une machine \u00e0 fileter verticale manuelle, de collage UV. <br \/>Les portes en aluminium convien-nent parfaitement aux projets de b\u00e2timents \u00e0 faible consommation d&#8217;\u00e9nergie et passifs gr\u00e2ce \u00e0 leur conception durable et \u00e0 leurs ex-cellents niveaux de s\u00e9curit\u00e9. <br \/>La technologie brevet\u00e9e du sys-t\u00e8me garantit un tirage minimal et une isolation thermique opti-male. Les fen\u00eatres en aluminium s&#8217;adaptent aux tendances du b\u00e2timent d&#8217;aujourd&#8217;hui et de demain. <br \/>La solution id\u00e9ale pour les b\u00e2timents basse consommation, car elle combine un acc\u00e8s maxi-mal \u00e0 la lumi\u00e8re du jour, des performances opti-males et une s\u00e9curit\u00e9 sans compromis.<\/p>\t\t\t\t\t\t<\/div>\n\t\t\t\t<\/div>\n\t\t\t\t\t<\/div>\n\t\t<\/div>\n\t\t\t\t\t<\/div>\n\t\t<\/section>\n\t\t\t\t<section class=\"elementor-section elementor-top-section elementor-element elementor-element-7615d00 elementor-section-boxed elementor-section-height-default elementor-section-height-default\" data-id=\"7615d00\" data-element_type=\"section\">\n\t\t\t\t\t\t<div class=\"elementor-container elementor-column-gap-default\">\n\t\t\t\t\t<div class=\"elementor-column elementor-col-100 elementor-top-column elementor-element elementor-element-71a1438\" data-id=\"71a1438\" data-element_type=\"column\">\n\t\t\t<div class=\"elementor-widget-wrap elementor-element-populated\">\n\t\t\t\t\t\t<div class=\"elementor-element elementor-element-8245f54 elementor-widget elementor-widget-image\" data-id=\"8245f54\" data-element_type=\"widget\" data-widget_type=\"image.default\">\n\t\t\t\t<div class=\"elementor-widget-container\">\n\t\t\t<style>\/*! elementor - v3.21.0 - 26-05-2024 *\/\n.elementor-widget-image{text-align:center}.elementor-widget-image a{display:inline-block}.elementor-widget-image a img[src$=\".svg\"]{width:48px}.elementor-widget-image img{vertical-align:middle;display:inline-block}<\/style>\t\t\t\t\t\t\t\t\t\t<img fetchpriority=\"high\" decoding=\"async\" width=\"683\" height=\"1024\" src=\"http:\/\/lexity.ma\/wp-content\/uploads\/2023\/12\/deux-travailleurs-uniforme-683x1024.jpg\" class=\"attachment-large size-large wp-image-2010\" alt=\"\" srcset=\"http:\/\/lexity.ma\/wp-content\/uploads\/2023\/12\/deux-travailleurs-uniforme-683x1024.jpg 683w, http:\/\/lexity.ma\/wp-content\/uploads\/2023\/12\/deux-travailleurs-uniforme-200x300.jpg 200w, http:\/\/lexity.ma\/wp-content\/uploads\/2023\/12\/deux-travailleurs-uniforme-768x1152.jpg 768w, http:\/\/lexity.ma\/wp-content\/uploads\/2023\/12\/deux-travailleurs-uniforme-1024x1536.jpg 1024w, http:\/\/lexity.ma\/wp-content\/uploads\/2023\/12\/deux-travailleurs-uniforme-1366x2048.jpg 1366w, http:\/\/lexity.ma\/wp-content\/uploads\/2023\/12\/deux-travailleurs-uniforme-8x12.jpg 8w, http:\/\/lexity.ma\/wp-content\/uploads\/2023\/12\/deux-travailleurs-uniforme-scaled.jpg 1707w\" sizes=\"(max-width: 683px) 100vw, 683px\" \/>\t\t\t\t\t\t\t\t\t\t\t\t\t<\/div>\n\t\t\t\t<\/div>\n\t\t\t\t\t<\/div>\n\t\t<\/div>\n\t\t\t\t\t<\/div>\n\t\t<\/section>\n\t\t\t\t<\/div>","protected":false},"excerpt":{"rendered":"<p>\u00c9LASTICIT\u00c9 PRODUCTIVE \u00c9LASTICIT\u00c9 PRODUCTIVE Lexity AV propose assistance et conseil dans la phase de conception avant la production finale, propose des services de production et de transformation du verre, trempe, laminage \u00e9galement avec PVB color\u00e9, impression num\u00e9rique sur verre monolithique et feuillet\u00e9, et r\u00e9alise l&#8217;installation gr\u00e2ce \u00e0 un personnel sp\u00e9cialis\u00e9. Lexity AV offre la possibilit\u00e9 &hellip;<\/p>\n<p class=\"read-more\"> <a class=\"\" href=\"http:\/\/lexity.ma\/en\/elasticite-productive\/\"> <span class=\"screen-reader-text\">\u00c9LASTICIT\u00c9 PRODUCTIVE<\/span> Read More &raquo;<\/a><\/p>","protected":false},"author":1,"featured_media":0,"parent":0,"menu_order":0,"comment_status":"closed","ping_status":"closed","template":"","meta":{"site-sidebar-layout":"no-sidebar","site-content-layout":"page-builder","ast-global-header-display":"","ast-main-header-display":"","ast-hfb-above-header-display":"","ast-hfb-below-header-display":"","ast-hfb-mobile-header-display":"","site-post-title":"disabled","ast-breadcrumbs-content":"","ast-featured-img":"disabled","footer-sml-layout":"","theme-transparent-header-meta":"enabled","adv-header-id-meta":"","stick-header-meta":"","header-above-stick-meta":"","header-main-stick-meta":"","header-below-stick-meta":"","footnotes":""},"class_list":["post-2357","page","type-page","status-publish","hentry"],"yoast_head":"<!-- This site is optimized with the Yoast SEO Premium plugin v20.2.1 (Yoast SEO v20.6) - https:\/\/yoast.com\/wordpress\/plugins\/seo\/ -->\n<title>\u00c9LASTICIT\u00c9 PRODUCTIVE - Lexity Maroc<\/title>\n<meta name=\"robots\" content=\"index, follow, max-snippet:-1, max-image-preview:large, max-video-preview:-1\" \/>\n<link rel=\"canonical\" href=\"http:\/\/lexity.ma\/en\/elasticite-productive\/\" \/>\n<meta property=\"og:locale\" content=\"en_GB\" \/>\n<meta property=\"og:type\" content=\"article\" \/>\n<meta property=\"og:title\" content=\"\u00c9LASTICIT\u00c9 PRODUCTIVE\" \/>\n<meta property=\"og:description\" content=\"\u00c9LASTICIT\u00c9 PRODUCTIVE \u00c9LASTICIT\u00c9 PRODUCTIVE Lexity AV propose assistance et conseil dans la phase de conception avant la production finale, propose des services de production et de transformation du verre, trempe, laminage \u00e9galement avec PVB color\u00e9, impression num\u00e9rique sur verre monolithique et feuillet\u00e9, et r\u00e9alise l&#8217;installation gr\u00e2ce \u00e0 un personnel sp\u00e9cialis\u00e9. Lexity AV offre la possibilit\u00e9 &hellip; \u00c9LASTICIT\u00c9 PRODUCTIVE Read More &raquo;\" \/>\n<meta property=\"og:url\" content=\"http:\/\/lexity.ma\/en\/elasticite-productive\/\" \/>\n<meta property=\"og:site_name\" content=\"Lexity Maroc\" \/>\n<meta property=\"article:modified_time\" content=\"2023-12-12T17:24:07+00:00\" \/>\n<meta property=\"og:image\" content=\"http:\/\/lexity.ma\/wp-content\/uploads\/2023\/12\/deux-travailleurs-uniforme-683x1024.jpg\" \/>\n<meta name=\"twitter:card\" content=\"summary_large_image\" \/>\n<meta name=\"twitter:label1\" content=\"Est. reading time\" \/>\n\t<meta name=\"twitter:data1\" content=\"2 minutes\" \/>\n<script type=\"application\/ld+json\" class=\"yoast-schema-graph\">{\"@context\":\"https:\/\/schema.org\",\"@graph\":[{\"@type\":\"WebPage\",\"@id\":\"http:\/\/lexity.ma\/en\/elasticite-productive\/\",\"url\":\"http:\/\/lexity.ma\/en\/elasticite-productive\/\",\"name\":\"\u00c9LASTICIT\u00c9 PRODUCTIVE - Lexity Maroc\",\"isPartOf\":{\"@id\":\"http:\/\/lexity.ma\/en\/#website\"},\"datePublished\":\"2023-12-12T17:21:14+00:00\",\"dateModified\":\"2023-12-12T17:24:07+00:00\",\"breadcrumb\":{\"@id\":\"http:\/\/lexity.ma\/en\/elasticite-productive\/#breadcrumb\"},\"inLanguage\":\"en-GB\",\"potentialAction\":[{\"@type\":\"ReadAction\",\"target\":[\"http:\/\/lexity.ma\/en\/elasticite-productive\/\"]}]},{\"@type\":\"BreadcrumbList\",\"@id\":\"http:\/\/lexity.ma\/en\/elasticite-productive\/#breadcrumb\",\"itemListElement\":[{\"@type\":\"ListItem\",\"position\":1,\"name\":\"Home\",\"item\":\"http:\/\/lexity.ma\/en\/\"},{\"@type\":\"ListItem\",\"position\":2,\"name\":\"\u00c9LASTICIT\u00c9 PRODUCTIVE\"}]},{\"@type\":\"WebSite\",\"@id\":\"http:\/\/lexity.ma\/en\/#website\",\"url\":\"http:\/\/lexity.ma\/en\/\",\"name\":\"Lexity Maroc\",\"description\":\"Entreprise de menuiserie et vitrerie aluminium : un savoir-faire artisanal.\",\"publisher\":{\"@id\":\"http:\/\/lexity.ma\/en\/#organization\"},\"potentialAction\":[{\"@type\":\"SearchAction\",\"target\":{\"@type\":\"EntryPoint\",\"urlTemplate\":\"http:\/\/lexity.ma\/en\/?s={search_term_string}\"},\"query-input\":\"required name=search_term_string\"}],\"inLanguage\":\"en-GB\"},{\"@type\":\"Organization\",\"@id\":\"http:\/\/lexity.ma\/en\/#organization\",\"name\":\"Lexity Maroc\",\"url\":\"http:\/\/lexity.ma\/en\/\",\"logo\":{\"@type\":\"ImageObject\",\"inLanguage\":\"en-GB\",\"@id\":\"http:\/\/lexity.ma\/en\/#\/schema\/logo\/image\/\",\"url\":\"http:\/\/lexity.ma\/wp-content\/uploads\/2023\/12\/cropped-LEXITY-LOGOS-03-1.png\",\"contentUrl\":\"http:\/\/lexity.ma\/wp-content\/uploads\/2023\/12\/cropped-LEXITY-LOGOS-03-1.png\",\"width\":2201,\"height\":2201,\"caption\":\"Lexity Maroc\"},\"image\":{\"@id\":\"http:\/\/lexity.ma\/en\/#\/schema\/logo\/image\/\"}}]}<\/script>\n<!-- \/ Yoast SEO Premium plugin. -->","yoast_head_json":{"title":"\u00c9LASTICIT\u00c9 PRODUCTIVE - Lexity Maroc","robots":{"index":"index","follow":"follow","max-snippet":"max-snippet:-1","max-image-preview":"max-image-preview:large","max-video-preview":"max-video-preview:-1"},"canonical":"http:\/\/lexity.ma\/en\/elasticite-productive\/","og_locale":"en_GB","og_type":"article","og_title":"\u00c9LASTICIT\u00c9 PRODUCTIVE","og_description":"\u00c9LASTICIT\u00c9 PRODUCTIVE \u00c9LASTICIT\u00c9 PRODUCTIVE Lexity AV propose assistance et conseil dans la phase de conception avant la production finale, propose des services de production et de transformation du verre, trempe, laminage \u00e9galement avec PVB color\u00e9, impression num\u00e9rique sur verre monolithique et feuillet\u00e9, et r\u00e9alise l&#8217;installation gr\u00e2ce \u00e0 un personnel sp\u00e9cialis\u00e9. Lexity AV offre la possibilit\u00e9 &hellip; \u00c9LASTICIT\u00c9 PRODUCTIVE Read More &raquo;","og_url":"http:\/\/lexity.ma\/en\/elasticite-productive\/","og_site_name":"Lexity Maroc","article_modified_time":"2023-12-12T17:24:07+00:00","og_image":[{"url":"http:\/\/lexity.ma\/wp-content\/uploads\/2023\/12\/deux-travailleurs-uniforme-683x1024.jpg"}],"twitter_card":"summary_large_image","twitter_misc":{"Est. reading time":"2 minutes"},"schema":{"@context":"https:\/\/schema.org","@graph":[{"@type":"WebPage","@id":"http:\/\/lexity.ma\/en\/elasticite-productive\/","url":"http:\/\/lexity.ma\/en\/elasticite-productive\/","name":"\u00c9LASTICIT\u00c9 PRODUCTIVE - Lexity Maroc","isPartOf":{"@id":"http:\/\/lexity.ma\/en\/#website"},"datePublished":"2023-12-12T17:21:14+00:00","dateModified":"2023-12-12T17:24:07+00:00","breadcrumb":{"@id":"http:\/\/lexity.ma\/en\/elasticite-productive\/#breadcrumb"},"inLanguage":"en-GB","potentialAction":[{"@type":"ReadAction","target":["http:\/\/lexity.ma\/en\/elasticite-productive\/"]}]},{"@type":"BreadcrumbList","@id":"http:\/\/lexity.ma\/en\/elasticite-productive\/#breadcrumb","itemListElement":[{"@type":"ListItem","position":1,"name":"Home","item":"http:\/\/lexity.ma\/en\/"},{"@type":"ListItem","position":2,"name":"\u00c9LASTICIT\u00c9 PRODUCTIVE"}]},{"@type":"WebSite","@id":"http:\/\/lexity.ma\/en\/#website","url":"http:\/\/lexity.ma\/en\/","name":"Lexity Maroc","description":"Entreprise de menuiserie et vitrerie aluminium : un savoir-faire artisanal.","publisher":{"@id":"http:\/\/lexity.ma\/en\/#organization"},"potentialAction":[{"@type":"SearchAction","target":{"@type":"EntryPoint","urlTemplate":"http:\/\/lexity.ma\/en\/?s={search_term_string}"},"query-input":"required name=search_term_string"}],"inLanguage":"en-GB"},{"@type":"Organization","@id":"http:\/\/lexity.ma\/en\/#organization","name":"Lexity Maroc","url":"http:\/\/lexity.ma\/en\/","logo":{"@type":"ImageObject","inLanguage":"en-GB","@id":"http:\/\/lexity.ma\/en\/#\/schema\/logo\/image\/","url":"http:\/\/lexity.ma\/wp-content\/uploads\/2023\/12\/cropped-LEXITY-LOGOS-03-1.png","contentUrl":"http:\/\/lexity.ma\/wp-content\/uploads\/2023\/12\/cropped-LEXITY-LOGOS-03-1.png","width":2201,"height":2201,"caption":"Lexity Maroc"},"image":{"@id":"http:\/\/lexity.ma\/en\/#\/schema\/logo\/image\/"}}]}},"_links":{"self":[{"href":"http:\/\/lexity.ma\/en\/wp-json\/wp\/v2\/pages\/2357","targetHints":{"allow":["GET"]}}],"collection":[{"href":"http:\/\/lexity.ma\/en\/wp-json\/wp\/v2\/pages"}],"about":[{"href":"http:\/\/lexity.ma\/en\/wp-json\/wp\/v2\/types\/page"}],"author":[{"embeddable":true,"href":"http:\/\/lexity.ma\/en\/wp-json\/wp\/v2\/users\/1"}],"replies":[{"embeddable":true,"href":"http:\/\/lexity.ma\/en\/wp-json\/wp\/v2\/comments?post=2357"}],"version-history":[{"count":4,"href":"http:\/\/lexity.ma\/en\/wp-json\/wp\/v2\/pages\/2357\/revisions"}],"predecessor-version":[{"id":2362,"href":"http:\/\/lexity.ma\/en\/wp-json\/wp\/v2\/pages\/2357\/revisions\/2362"}],"wp:attachment":[{"href":"http:\/\/lexity.ma\/en\/wp-json\/wp\/v2\/media?parent=2357"}],"curies":[{"name":"wp","href":"https:\/\/api.w.org\/{rel}","templated":true}]}}