{"id":2304,"date":"2023-12-12T16:49:07","date_gmt":"2023-12-12T16:49:07","guid":{"rendered":"https:\/\/lexity.ma\/?page_id=2304"},"modified":"2023-12-12T16:54:40","modified_gmt":"2023-12-12T16:54:40","slug":"le-film-commutable-avec-la-technologie-pdlc","status":"publish","type":"page","link":"http:\/\/lexity.ma\/en\/le-film-commutable-avec-la-technologie-pdlc\/","title":{"rendered":"Le FILM commutable avec  la technologie PDLC"},"content":{"rendered":"<div data-elementor-type=\"wp-post\" data-elementor-id=\"2304\" class=\"elementor elementor-2304\">\n\t\t\t\t\t\t<section class=\"elementor-section elementor-top-section elementor-element elementor-element-3906703 elementor-section-full_width elementor-section-height-default elementor-section-height-default\" data-id=\"3906703\" data-element_type=\"section\" data-settings=\"{&quot;background_background&quot;:&quot;classic&quot;}\">\n\t\t\t\t\t\t\t<div class=\"elementor-background-overlay\"><\/div>\n\t\t\t\t\t\t\t<div class=\"elementor-container elementor-column-gap-default\">\n\t\t\t\t\t<div class=\"elementor-column elementor-col-100 elementor-top-column elementor-element elementor-element-24c9f1f\" data-id=\"24c9f1f\" data-element_type=\"column\">\n\t\t\t<div class=\"elementor-widget-wrap elementor-element-populated\">\n\t\t\t\t\t\t<div class=\"elementor-element elementor-element-a5e247a elementor-widget elementor-widget-heading\" data-id=\"a5e247a\" data-element_type=\"widget\" data-widget_type=\"heading.default\">\n\t\t\t\t<div class=\"elementor-widget-container\">\n\t\t\t<style>\/*! elementor - v3.21.0 - 26-05-2024 *\/\n.elementor-heading-title{padding:0;margin:0;line-height:1}.elementor-widget-heading .elementor-heading-title[class*=elementor-size-]>a{color:inherit;font-size:inherit;line-height:inherit}.elementor-widget-heading .elementor-heading-title.elementor-size-small{font-size:15px}.elementor-widget-heading .elementor-heading-title.elementor-size-medium{font-size:19px}.elementor-widget-heading .elementor-heading-title.elementor-size-large{font-size:29px}.elementor-widget-heading .elementor-heading-title.elementor-size-xl{font-size:39px}.elementor-widget-heading .elementor-heading-title.elementor-size-xxl{font-size:59px}<\/style><h1 class=\"elementor-heading-title elementor-size-default\">Le FILM commutable avec \nla technologie PDLC<\/h1>\t\t<\/div>\n\t\t\t\t<\/div>\n\t\t\t\t\t<\/div>\n\t\t<\/div>\n\t\t\t\t\t<\/div>\n\t\t<\/section>\n\t\t\t\t<section class=\"elementor-section elementor-top-section elementor-element elementor-element-daedc92 elementor-section-boxed elementor-section-height-default elementor-section-height-default\" data-id=\"daedc92\" data-element_type=\"section\">\n\t\t\t\t\t\t<div class=\"elementor-container elementor-column-gap-default\">\n\t\t\t\t\t<div class=\"elementor-column elementor-col-100 elementor-top-column elementor-element elementor-element-0c35fd2\" data-id=\"0c35fd2\" data-element_type=\"column\">\n\t\t\t<div class=\"elementor-widget-wrap elementor-element-populated\">\n\t\t\t\t\t\t<div class=\"elementor-element elementor-element-478107e elementor-widget elementor-widget-heading\" data-id=\"478107e\" data-element_type=\"widget\" data-widget_type=\"heading.default\">\n\t\t\t\t<div class=\"elementor-widget-container\">\n\t\t\t<h2 class=\"elementor-heading-title elementor-size-default\"><h3 style=\"line-height: 1.2; font-size: 1.75rem; font-family: TTFirsNeueRegular, Arial, sans-serif; border-left: 6px solid rgb(100, 102, 107); padding-left: 16px; border-top-color: rgb(100, 102, 107); border-right-color: rgb(100, 102, 107); border-bottom-color: rgb(100, 102, 107); color: rgb(0, 0, 0); font-style: normal; text-transform: none; white-space: normal; margin-bottom: 1rem !important;\">Le FILM commutable avec \nla technologie PDLC\n<\/h3><\/h2>\t\t<\/div>\n\t\t\t\t<\/div>\n\t\t\t\t<div class=\"elementor-element elementor-element-c656db3 elementor-widget elementor-widget-text-editor\" data-id=\"c656db3\" data-element_type=\"widget\" data-widget_type=\"text-editor.default\">\n\t\t\t\t<div class=\"elementor-widget-container\">\n\t\t\t<style>\/*! elementor - v3.21.0 - 26-05-2024 *\/\n.elementor-widget-text-editor.elementor-drop-cap-view-stacked .elementor-drop-cap{background-color:#69727d;color:#fff}.elementor-widget-text-editor.elementor-drop-cap-view-framed .elementor-drop-cap{color:#69727d;border:3px solid;background-color:transparent}.elementor-widget-text-editor:not(.elementor-drop-cap-view-default) .elementor-drop-cap{margin-top:8px}.elementor-widget-text-editor:not(.elementor-drop-cap-view-default) .elementor-drop-cap-letter{width:1em;height:1em}.elementor-widget-text-editor .elementor-drop-cap{float:left;text-align:center;line-height:1;font-size:50px}.elementor-widget-text-editor .elementor-drop-cap-letter{display:inline-block}<\/style>\t\t\t\t<p>\u00c0 la recherche d&#8217;un design nouveau, moderne et sophistiqu\u00e9, mais surtout attentif \u00e0 l&#8217;intimit\u00e9. Attentif au confort de vie et de travail, coloris blanc ou gris. <br \/>La technologie PDLC repose sur une fine couche de cristaux liquides con-tenue dans un FILM \u00e0 matrice polym\u00e8re, prot\u00e9g\u00e9 par des supports PET flexibles, qui peuvent \u00eatre appliqu\u00e9s ou lamin\u00e9s entre les vitrages. Les cris-taux liquides rendent n&#8217;importe quel verre intelligent : du transparent au translucide d&#8217;un simple toucher. <br \/>Le verre intelligent peut remplacer les murs traditionnels : la transparence cr\u00e9era un espace lumineux, vaste et ouvert, la translucidit\u00e9 cr\u00e9era un envi-ronnement de lumi\u00e8re diffuse intime, priv\u00e9 et confortable (LEED). Le verre intelligent peut remplacer les solutions peu attrayantes : les cris-taux liquides du film PDLC lamin\u00e9 entre les vitres laissent passer &#8211; m\u00eame en phase translucide &#8211; la lumi\u00e8re naturelle pour une intimit\u00e9 sans compro-mis.<\/p>\t\t\t\t\t\t<\/div>\n\t\t\t\t<\/div>\n\t\t\t\t\t<\/div>\n\t\t<\/div>\n\t\t\t\t\t<\/div>\n\t\t<\/section>\n\t\t\t\t<section class=\"elementor-section elementor-top-section elementor-element elementor-element-6ba9be5 elementor-section-boxed elementor-section-height-default elementor-section-height-default\" data-id=\"6ba9be5\" data-element_type=\"section\">\n\t\t\t\t\t\t<div class=\"elementor-container elementor-column-gap-default\">\n\t\t\t\t\t<div class=\"elementor-column elementor-col-100 elementor-top-column elementor-element elementor-element-f76248f\" data-id=\"f76248f\" data-element_type=\"column\">\n\t\t\t<div class=\"elementor-widget-wrap elementor-element-populated\">\n\t\t\t\t\t\t<div class=\"elementor-element elementor-element-57fb137 elementor-widget elementor-widget-heading\" data-id=\"57fb137\" data-element_type=\"widget\" data-widget_type=\"heading.default\">\n\t\t\t\t<div class=\"elementor-widget-container\">\n\t\t\t<h2 class=\"elementor-heading-title elementor-size-default\">Le FILM commutable avec la technologie PDLC<\/h2>\t\t<\/div>\n\t\t\t\t<\/div>\n\t\t\t\t\t<\/div>\n\t\t<\/div>\n\t\t\t\t\t<\/div>\n\t\t<\/section>\n\t\t\t\t<section class=\"elementor-section elementor-top-section elementor-element elementor-element-d22153a elementor-section-boxed elementor-section-height-default elementor-section-height-default\" data-id=\"d22153a\" data-element_type=\"section\">\n\t\t\t\t\t\t<div class=\"elementor-container elementor-column-gap-default\">\n\t\t\t\t\t<div class=\"elementor-column elementor-col-50 elementor-top-column elementor-element elementor-element-06267c2\" data-id=\"06267c2\" data-element_type=\"column\">\n\t\t\t<div class=\"elementor-widget-wrap elementor-element-populated\">\n\t\t\t\t\t\t<div class=\"elementor-element elementor-element-141cb06 elementor-widget elementor-widget-image\" data-id=\"141cb06\" data-element_type=\"widget\" data-widget_type=\"image.default\">\n\t\t\t\t<div class=\"elementor-widget-container\">\n\t\t\t<style>\/*! elementor - v3.21.0 - 26-05-2024 *\/\n.elementor-widget-image{text-align:center}.elementor-widget-image a{display:inline-block}.elementor-widget-image a img[src$=\".svg\"]{width:48px}.elementor-widget-image img{vertical-align:middle;display:inline-block}<\/style>\t\t\t\t\t\t\t\t\t\t<img fetchpriority=\"high\" decoding=\"async\" width=\"766\" height=\"510\" src=\"http:\/\/lexity.ma\/wp-content\/uploads\/2023\/12\/PDLC-1.png\" class=\"attachment-large size-large wp-image-2308\" alt=\"\" srcset=\"http:\/\/lexity.ma\/wp-content\/uploads\/2023\/12\/PDLC-1.png 766w, http:\/\/lexity.ma\/wp-content\/uploads\/2023\/12\/PDLC-1-300x200.png 300w, http:\/\/lexity.ma\/wp-content\/uploads\/2023\/12\/PDLC-1-18x12.png 18w\" sizes=\"(max-width: 766px) 100vw, 766px\" \/>\t\t\t\t\t\t\t\t\t\t\t\t\t<\/div>\n\t\t\t\t<\/div>\n\t\t\t\t\t<\/div>\n\t\t<\/div>\n\t\t\t\t<div class=\"elementor-column elementor-col-50 elementor-top-column elementor-element elementor-element-0c9e13f\" data-id=\"0c9e13f\" data-element_type=\"column\">\n\t\t\t<div class=\"elementor-widget-wrap elementor-element-populated\">\n\t\t\t\t\t\t<div class=\"elementor-element elementor-element-8d95654 elementor-widget elementor-widget-image\" data-id=\"8d95654\" data-element_type=\"widget\" data-widget_type=\"image.default\">\n\t\t\t\t<div class=\"elementor-widget-container\">\n\t\t\t\t\t\t\t\t\t\t\t\t\t<img decoding=\"async\" width=\"763\" height=\"504\" src=\"http:\/\/lexity.ma\/wp-content\/uploads\/2023\/12\/PDLC.png\" class=\"attachment-large size-large wp-image-2307\" alt=\"\" srcset=\"http:\/\/lexity.ma\/wp-content\/uploads\/2023\/12\/PDLC.png 763w, http:\/\/lexity.ma\/wp-content\/uploads\/2023\/12\/PDLC-300x198.png 300w, http:\/\/lexity.ma\/wp-content\/uploads\/2023\/12\/PDLC-18x12.png 18w\" sizes=\"(max-width: 763px) 100vw, 763px\" \/>\t\t\t\t\t\t\t\t\t\t\t\t\t<\/div>\n\t\t\t\t<\/div>\n\t\t\t\t\t<\/div>\n\t\t<\/div>\n\t\t\t\t\t<\/div>\n\t\t<\/section>\n\t\t\t\t<\/div>","protected":false},"excerpt":{"rendered":"<p>Le FILM commutable avec la technologie PDLC Le FILM commutable avec la technologie PDLC \u00c0 la recherche d&#8217;un design nouveau, moderne et sophistiqu\u00e9, mais surtout attentif \u00e0 l&#8217;intimit\u00e9. Attentif au confort de vie et de travail, coloris blanc ou gris. La technologie PDLC repose sur une fine couche de cristaux liquides con-tenue dans un FILM &hellip;<\/p>\n<p class=\"read-more\"> <a class=\"\" href=\"http:\/\/lexity.ma\/en\/le-film-commutable-avec-la-technologie-pdlc\/\"> <span class=\"screen-reader-text\">Le FILM commutable avec  la technologie PDLC<\/span> Read More &raquo;<\/a><\/p>","protected":false},"author":1,"featured_media":0,"parent":0,"menu_order":0,"comment_status":"closed","ping_status":"closed","template":"","meta":{"site-sidebar-layout":"no-sidebar","site-content-layout":"page-builder","ast-global-header-display":"","ast-main-header-display":"","ast-hfb-above-header-display":"","ast-hfb-below-header-display":"","ast-hfb-mobile-header-display":"","site-post-title":"disabled","ast-breadcrumbs-content":"","ast-featured-img":"disabled","footer-sml-layout":"","theme-transparent-header-meta":"enabled","adv-header-id-meta":"","stick-header-meta":"","header-above-stick-meta":"","header-main-stick-meta":"","header-below-stick-meta":"","footnotes":""},"class_list":["post-2304","page","type-page","status-publish","hentry"],"yoast_head":"<!-- This site is optimized with the Yoast SEO Premium plugin v20.2.1 (Yoast SEO v20.6) - https:\/\/yoast.com\/wordpress\/plugins\/seo\/ -->\n<title>Le FILM commutable avec la technologie PDLC - Lexity Maroc<\/title>\n<meta name=\"robots\" content=\"index, follow, max-snippet:-1, max-image-preview:large, max-video-preview:-1\" \/>\n<link rel=\"canonical\" href=\"http:\/\/lexity.ma\/en\/le-film-commutable-avec-la-technologie-pdlc\/\" \/>\n<meta property=\"og:locale\" content=\"en_GB\" \/>\n<meta property=\"og:type\" content=\"article\" \/>\n<meta property=\"og:title\" content=\"Le FILM commutable avec la technologie PDLC\" \/>\n<meta property=\"og:description\" content=\"Le FILM commutable avec la technologie PDLC Le FILM commutable avec la technologie PDLC \u00c0 la recherche d&#8217;un design nouveau, moderne et sophistiqu\u00e9, mais surtout attentif \u00e0 l&#8217;intimit\u00e9. Attentif au confort de vie et de travail, coloris blanc ou gris. La technologie PDLC repose sur une fine couche de cristaux liquides con-tenue dans un FILM &hellip; Le FILM commutable avec la technologie PDLC Read More &raquo;\" \/>\n<meta property=\"og:url\" content=\"http:\/\/lexity.ma\/en\/le-film-commutable-avec-la-technologie-pdlc\/\" \/>\n<meta property=\"og:site_name\" content=\"Lexity Maroc\" \/>\n<meta property=\"article:modified_time\" content=\"2023-12-12T16:54:40+00:00\" \/>\n<meta property=\"og:image\" content=\"http:\/\/lexity.ma\/wp-content\/uploads\/2023\/12\/PDLC-1.png\" \/>\n<meta name=\"twitter:card\" content=\"summary_large_image\" \/>\n<meta name=\"twitter:label1\" content=\"Est. reading time\" \/>\n\t<meta name=\"twitter:data1\" content=\"2 minutes\" \/>\n<script type=\"application\/ld+json\" class=\"yoast-schema-graph\">{\"@context\":\"https:\/\/schema.org\",\"@graph\":[{\"@type\":\"WebPage\",\"@id\":\"http:\/\/lexity.ma\/en\/le-film-commutable-avec-la-technologie-pdlc\/\",\"url\":\"http:\/\/lexity.ma\/en\/le-film-commutable-avec-la-technologie-pdlc\/\",\"name\":\"Le FILM commutable avec la technologie PDLC - Lexity Maroc\",\"isPartOf\":{\"@id\":\"http:\/\/lexity.ma\/en\/#website\"},\"datePublished\":\"2023-12-12T16:49:07+00:00\",\"dateModified\":\"2023-12-12T16:54:40+00:00\",\"breadcrumb\":{\"@id\":\"http:\/\/lexity.ma\/en\/le-film-commutable-avec-la-technologie-pdlc\/#breadcrumb\"},\"inLanguage\":\"en-GB\",\"potentialAction\":[{\"@type\":\"ReadAction\",\"target\":[\"http:\/\/lexity.ma\/en\/le-film-commutable-avec-la-technologie-pdlc\/\"]}]},{\"@type\":\"BreadcrumbList\",\"@id\":\"http:\/\/lexity.ma\/en\/le-film-commutable-avec-la-technologie-pdlc\/#breadcrumb\",\"itemListElement\":[{\"@type\":\"ListItem\",\"position\":1,\"name\":\"Home\",\"item\":\"http:\/\/lexity.ma\/en\/\"},{\"@type\":\"ListItem\",\"position\":2,\"name\":\"Le FILM commutable avec la technologie PDLC\"}]},{\"@type\":\"WebSite\",\"@id\":\"http:\/\/lexity.ma\/en\/#website\",\"url\":\"http:\/\/lexity.ma\/en\/\",\"name\":\"Lexity Maroc\",\"description\":\"Entreprise de menuiserie et vitrerie aluminium : un savoir-faire artisanal.\",\"publisher\":{\"@id\":\"http:\/\/lexity.ma\/en\/#organization\"},\"potentialAction\":[{\"@type\":\"SearchAction\",\"target\":{\"@type\":\"EntryPoint\",\"urlTemplate\":\"http:\/\/lexity.ma\/en\/?s={search_term_string}\"},\"query-input\":\"required name=search_term_string\"}],\"inLanguage\":\"en-GB\"},{\"@type\":\"Organization\",\"@id\":\"http:\/\/lexity.ma\/en\/#organization\",\"name\":\"Lexity Maroc\",\"url\":\"http:\/\/lexity.ma\/en\/\",\"logo\":{\"@type\":\"ImageObject\",\"inLanguage\":\"en-GB\",\"@id\":\"http:\/\/lexity.ma\/en\/#\/schema\/logo\/image\/\",\"url\":\"http:\/\/lexity.ma\/wp-content\/uploads\/2023\/12\/cropped-LEXITY-LOGOS-03-1.png\",\"contentUrl\":\"http:\/\/lexity.ma\/wp-content\/uploads\/2023\/12\/cropped-LEXITY-LOGOS-03-1.png\",\"width\":2201,\"height\":2201,\"caption\":\"Lexity Maroc\"},\"image\":{\"@id\":\"http:\/\/lexity.ma\/en\/#\/schema\/logo\/image\/\"}}]}<\/script>\n<!-- \/ Yoast SEO Premium plugin. -->","yoast_head_json":{"title":"Le FILM commutable avec la technologie PDLC - Lexity Maroc","robots":{"index":"index","follow":"follow","max-snippet":"max-snippet:-1","max-image-preview":"max-image-preview:large","max-video-preview":"max-video-preview:-1"},"canonical":"http:\/\/lexity.ma\/en\/le-film-commutable-avec-la-technologie-pdlc\/","og_locale":"en_GB","og_type":"article","og_title":"Le FILM commutable avec la technologie PDLC","og_description":"Le FILM commutable avec la technologie PDLC Le FILM commutable avec la technologie PDLC \u00c0 la recherche d&#8217;un design nouveau, moderne et sophistiqu\u00e9, mais surtout attentif \u00e0 l&#8217;intimit\u00e9. Attentif au confort de vie et de travail, coloris blanc ou gris. La technologie PDLC repose sur une fine couche de cristaux liquides con-tenue dans un FILM &hellip; Le FILM commutable avec la technologie PDLC Read More &raquo;","og_url":"http:\/\/lexity.ma\/en\/le-film-commutable-avec-la-technologie-pdlc\/","og_site_name":"Lexity Maroc","article_modified_time":"2023-12-12T16:54:40+00:00","og_image":[{"url":"http:\/\/lexity.ma\/wp-content\/uploads\/2023\/12\/PDLC-1.png"}],"twitter_card":"summary_large_image","twitter_misc":{"Est. reading time":"2 minutes"},"schema":{"@context":"https:\/\/schema.org","@graph":[{"@type":"WebPage","@id":"http:\/\/lexity.ma\/en\/le-film-commutable-avec-la-technologie-pdlc\/","url":"http:\/\/lexity.ma\/en\/le-film-commutable-avec-la-technologie-pdlc\/","name":"Le FILM commutable avec la technologie PDLC - Lexity Maroc","isPartOf":{"@id":"http:\/\/lexity.ma\/en\/#website"},"datePublished":"2023-12-12T16:49:07+00:00","dateModified":"2023-12-12T16:54:40+00:00","breadcrumb":{"@id":"http:\/\/lexity.ma\/en\/le-film-commutable-avec-la-technologie-pdlc\/#breadcrumb"},"inLanguage":"en-GB","potentialAction":[{"@type":"ReadAction","target":["http:\/\/lexity.ma\/en\/le-film-commutable-avec-la-technologie-pdlc\/"]}]},{"@type":"BreadcrumbList","@id":"http:\/\/lexity.ma\/en\/le-film-commutable-avec-la-technologie-pdlc\/#breadcrumb","itemListElement":[{"@type":"ListItem","position":1,"name":"Home","item":"http:\/\/lexity.ma\/en\/"},{"@type":"ListItem","position":2,"name":"Le FILM commutable avec la technologie PDLC"}]},{"@type":"WebSite","@id":"http:\/\/lexity.ma\/en\/#website","url":"http:\/\/lexity.ma\/en\/","name":"Lexity Maroc","description":"Entreprise de menuiserie et vitrerie aluminium : un savoir-faire artisanal.","publisher":{"@id":"http:\/\/lexity.ma\/en\/#organization"},"potentialAction":[{"@type":"SearchAction","target":{"@type":"EntryPoint","urlTemplate":"http:\/\/lexity.ma\/en\/?s={search_term_string}"},"query-input":"required name=search_term_string"}],"inLanguage":"en-GB"},{"@type":"Organization","@id":"http:\/\/lexity.ma\/en\/#organization","name":"Lexity Maroc","url":"http:\/\/lexity.ma\/en\/","logo":{"@type":"ImageObject","inLanguage":"en-GB","@id":"http:\/\/lexity.ma\/en\/#\/schema\/logo\/image\/","url":"http:\/\/lexity.ma\/wp-content\/uploads\/2023\/12\/cropped-LEXITY-LOGOS-03-1.png","contentUrl":"http:\/\/lexity.ma\/wp-content\/uploads\/2023\/12\/cropped-LEXITY-LOGOS-03-1.png","width":2201,"height":2201,"caption":"Lexity Maroc"},"image":{"@id":"http:\/\/lexity.ma\/en\/#\/schema\/logo\/image\/"}}]}},"_links":{"self":[{"href":"http:\/\/lexity.ma\/en\/wp-json\/wp\/v2\/pages\/2304","targetHints":{"allow":["GET"]}}],"collection":[{"href":"http:\/\/lexity.ma\/en\/wp-json\/wp\/v2\/pages"}],"about":[{"href":"http:\/\/lexity.ma\/en\/wp-json\/wp\/v2\/types\/page"}],"author":[{"embeddable":true,"href":"http:\/\/lexity.ma\/en\/wp-json\/wp\/v2\/users\/1"}],"replies":[{"embeddable":true,"href":"http:\/\/lexity.ma\/en\/wp-json\/wp\/v2\/comments?post=2304"}],"version-history":[{"count":4,"href":"http:\/\/lexity.ma\/en\/wp-json\/wp\/v2\/pages\/2304\/revisions"}],"predecessor-version":[{"id":2312,"href":"http:\/\/lexity.ma\/en\/wp-json\/wp\/v2\/pages\/2304\/revisions\/2312"}],"wp:attachment":[{"href":"http:\/\/lexity.ma\/en\/wp-json\/wp\/v2\/media?parent=2304"}],"curies":[{"name":"wp","href":"https:\/\/api.w.org\/{rel}","templated":true}]}}