{"id":2243,"date":"2023-12-12T16:12:25","date_gmt":"2023-12-12T16:12:25","guid":{"rendered":"https:\/\/lexity.ma\/?page_id=2243"},"modified":"2023-12-12T16:24:39","modified_gmt":"2023-12-12T16:24:39","slug":"volet-en-aluminium","status":"publish","type":"page","link":"http:\/\/lexity.ma\/en\/volet-en-aluminium\/","title":{"rendered":"Volet en aluminium"},"content":{"rendered":"<div data-elementor-type=\"wp-post\" data-elementor-id=\"2243\" class=\"elementor elementor-2243\">\n\t\t\t\t\t\t<section class=\"elementor-section elementor-top-section elementor-element elementor-element-3906703 elementor-section-full_width elementor-section-height-default elementor-section-height-default\" data-id=\"3906703\" data-element_type=\"section\" data-settings=\"{&quot;background_background&quot;:&quot;classic&quot;}\">\n\t\t\t\t\t\t\t<div class=\"elementor-background-overlay\"><\/div>\n\t\t\t\t\t\t\t<div class=\"elementor-container elementor-column-gap-default\">\n\t\t\t\t\t<div class=\"elementor-column elementor-col-100 elementor-top-column elementor-element elementor-element-24c9f1f\" data-id=\"24c9f1f\" data-element_type=\"column\">\n\t\t\t<div class=\"elementor-widget-wrap elementor-element-populated\">\n\t\t\t\t\t\t<div class=\"elementor-element elementor-element-a5e247a elementor-widget elementor-widget-heading\" data-id=\"a5e247a\" data-element_type=\"widget\" data-widget_type=\"heading.default\">\n\t\t\t\t<div class=\"elementor-widget-container\">\n\t\t\t<style>\/*! elementor - v3.21.0 - 26-05-2024 *\/\n.elementor-heading-title{padding:0;margin:0;line-height:1}.elementor-widget-heading .elementor-heading-title[class*=elementor-size-]>a{color:inherit;font-size:inherit;line-height:inherit}.elementor-widget-heading .elementor-heading-title.elementor-size-small{font-size:15px}.elementor-widget-heading .elementor-heading-title.elementor-size-medium{font-size:19px}.elementor-widget-heading .elementor-heading-title.elementor-size-large{font-size:29px}.elementor-widget-heading .elementor-heading-title.elementor-size-xl{font-size:39px}.elementor-widget-heading .elementor-heading-title.elementor-size-xxl{font-size:59px}<\/style><h1 class=\"elementor-heading-title elementor-size-default\">VOLET EN ALUMINIUM<\/h1>\t\t<\/div>\n\t\t\t\t<\/div>\n\t\t\t\t\t<\/div>\n\t\t<\/div>\n\t\t\t\t\t<\/div>\n\t\t<\/section>\n\t\t\t\t<section class=\"elementor-section elementor-top-section elementor-element elementor-element-daedc92 elementor-section-boxed elementor-section-height-default elementor-section-height-default\" data-id=\"daedc92\" data-element_type=\"section\">\n\t\t\t\t\t\t<div class=\"elementor-container elementor-column-gap-default\">\n\t\t\t\t\t<div class=\"elementor-column elementor-col-100 elementor-top-column elementor-element elementor-element-0c35fd2\" data-id=\"0c35fd2\" data-element_type=\"column\">\n\t\t\t<div class=\"elementor-widget-wrap elementor-element-populated\">\n\t\t\t\t\t\t<div class=\"elementor-element elementor-element-478107e elementor-widget elementor-widget-heading\" data-id=\"478107e\" data-element_type=\"widget\" data-widget_type=\"heading.default\">\n\t\t\t\t<div class=\"elementor-widget-container\">\n\t\t\t<h2 class=\"elementor-heading-title elementor-size-default\"><h3 style=\"line-height: 1.2; font-size: 1.75rem; font-family: TTFirsNeueRegular, Arial, sans-serif; border-left: 6px solid rgb(100, 102, 107); padding-left: 16px; border-top-color: rgb(100, 102, 107); border-right-color: rgb(100, 102, 107); border-bottom-color: rgb(100, 102, 107); color: rgb(0, 0, 0); font-style: normal; text-transform: none; white-space: normal; margin-bottom: 1rem !important;\">VOLET ROULANT EXT\u00c9RIEUR\n<\/h3><\/h2>\t\t<\/div>\n\t\t\t\t<\/div>\n\t\t\t\t<div class=\"elementor-element elementor-element-c656db3 elementor-widget elementor-widget-text-editor\" data-id=\"c656db3\" data-element_type=\"widget\" data-widget_type=\"text-editor.default\">\n\t\t\t\t<div class=\"elementor-widget-container\">\n\t\t\t<style>\/*! elementor - v3.21.0 - 26-05-2024 *\/\n.elementor-widget-text-editor.elementor-drop-cap-view-stacked .elementor-drop-cap{background-color:#69727d;color:#fff}.elementor-widget-text-editor.elementor-drop-cap-view-framed .elementor-drop-cap{color:#69727d;border:3px solid;background-color:transparent}.elementor-widget-text-editor:not(.elementor-drop-cap-view-default) .elementor-drop-cap{margin-top:8px}.elementor-widget-text-editor:not(.elementor-drop-cap-view-default) .elementor-drop-cap-letter{width:1em;height:1em}.elementor-widget-text-editor .elementor-drop-cap{float:left;text-align:center;line-height:1;font-size:50px}.elementor-widget-text-editor .elementor-drop-cap-letter{display:inline-block}<\/style>\t\t\t\t<p>Les volets sont devenus l&#8217;un des \u00e9l\u00e9ments les plus fondamentaux de chaque habitas, non seulement parce qu&#8217;ils permettent d&#8217;am\u00e9liorer la qualit\u00e9 de l&#8217;air, mais aussi parce qu&#8217;ils sont plus faciles \u00e0 utiliser. r\u00e9guler la quantit\u00e9 de lumi\u00e8re qui p\u00e9n\u00e8tre \u00e0 l&#8217;int\u00e9rieur, mais aussi parce qu&#8217;ils pr\u00e9ser-vent notre sant\u00e9. la vie priv\u00e9e et l&#8217;intimit\u00e9. On pourrait m\u00eame ajouter que aide \u00e0 r\u00e9guler la temp\u00e9rature et de minimiser le bruit provenant de l&#8217;ex-t\u00e9rieur et des \u00e9l\u00e9ments m\u00e9t\u00e9orologiques tels que la gr\u00eale ou le vent. De m\u00eame, lorsqu&#8217;ils sont utilis\u00e9s dans les entreprises, ils servent d&#8217;\u00e9l\u00e9ment de s\u00e9curit\u00e9 contre les intrusions et les vols.<\/p>\t\t\t\t\t\t<\/div>\n\t\t\t\t<\/div>\n\t\t\t\t\t<\/div>\n\t\t<\/div>\n\t\t\t\t\t<\/div>\n\t\t<\/section>\n\t\t\t\t<section class=\"elementor-section elementor-top-section elementor-element elementor-element-43a2c5c elementor-section-boxed elementor-section-height-default elementor-section-height-default\" data-id=\"43a2c5c\" data-element_type=\"section\">\n\t\t\t\t\t\t<div class=\"elementor-container elementor-column-gap-default\">\n\t\t\t\t\t<div class=\"elementor-column elementor-col-100 elementor-top-column elementor-element elementor-element-2dba248\" data-id=\"2dba248\" data-element_type=\"column\">\n\t\t\t<div class=\"elementor-widget-wrap elementor-element-populated\">\n\t\t\t\t\t\t<div class=\"elementor-element elementor-element-3430e08 elementor-widget elementor-widget-heading\" data-id=\"3430e08\" data-element_type=\"widget\" data-widget_type=\"heading.default\">\n\t\t\t\t<div class=\"elementor-widget-container\">\n\t\t\t<h2 class=\"elementor-heading-title elementor-size-default\"><h3 style=\"line-height: 1.2; font-size: 1.75rem; font-family: TTFirsNeueRegular, Arial, sans-serif; border-left: 6px solid rgb(100, 102, 107); padding-left: 16px; border-top-color: rgb(100, 102, 107); border-right-color: rgb(100, 102, 107); border-bottom-color: rgb(100, 102, 107); color: rgb(0, 0, 0); font-style: normal; text-transform: none; white-space: normal; margin-bottom: 1rem !important;\">VOLET EN ALUMINIUM EXTRUD\u00c9\n<\/h3><\/h2>\t\t<\/div>\n\t\t\t\t<\/div>\n\t\t\t\t<div class=\"elementor-element elementor-element-b48630d elementor-widget elementor-widget-text-editor\" data-id=\"b48630d\" data-element_type=\"widget\" data-widget_type=\"text-editor.default\">\n\t\t\t\t<div class=\"elementor-widget-container\">\n\t\t\t\t\t\t\t<p>Les lames sont fabriqu\u00e9es en aluminium extrud\u00e9 et con\u00e7ues principale-ment \u00e0 \u00eatre utilis\u00e9es dans les volets roulants. Elles sont tr\u00e8s durables et poss\u00e8dent de tr\u00e8s bonnes propri\u00e9t\u00e9s de r\u00e9sistance. Dans les tabliers con-struits de ces lames, il est possible d\u2019utiliser uniquement un entra\u00eenement \u00e9lectrique. <br \/>Les lames sont fabriqu\u00e9es en alliage d\u2019aluminium de qualit\u00e9 sup\u00e9rieure rev\u00eatu d\u2019une peinture r\u00e9sistante \u00e0 l\u2019abrasion et aux intemp\u00e9ries. Le proc\u00e9d\u00e9 de rev\u00eatement par poudre se caract\u00e9rise par une tr\u00e8s grande r\u00e9sistance \u00e0 la d\u00e9coloration ou \u00e0 l\u2019alt\u00e9ration des couleurs. Les lames en alu-minium sont des produits \u00e9cologiquement propres.<\/p>\t\t\t\t\t\t<\/div>\n\t\t\t\t<\/div>\n\t\t\t\t\t<\/div>\n\t\t<\/div>\n\t\t\t\t\t<\/div>\n\t\t<\/section>\n\t\t\t\t<section class=\"elementor-section elementor-top-section elementor-element elementor-element-9f4b30e elementor-section-boxed elementor-section-height-default elementor-section-height-default\" data-id=\"9f4b30e\" data-element_type=\"section\">\n\t\t\t\t\t\t<div class=\"elementor-container elementor-column-gap-default\">\n\t\t\t\t\t<div class=\"elementor-column elementor-col-100 elementor-top-column elementor-element elementor-element-ef7fad0\" data-id=\"ef7fad0\" data-element_type=\"column\">\n\t\t\t<div class=\"elementor-widget-wrap elementor-element-populated\">\n\t\t\t\t\t\t<div class=\"elementor-element elementor-element-121cc8f elementor-widget elementor-widget-heading\" data-id=\"121cc8f\" data-element_type=\"widget\" data-widget_type=\"heading.default\">\n\t\t\t\t<div class=\"elementor-widget-container\">\n\t\t\t<h2 class=\"elementor-heading-title elementor-size-default\"><h3 style=\"line-height: 1.2; font-size: 1.75rem; font-family: TTFirsNeueRegular, Arial, sans-serif; border-left: 6px solid rgb(100, 102, 107); padding-left: 16px; border-top-color: rgb(100, 102, 107); border-right-color: rgb(100, 102, 107); border-bottom-color: rgb(100, 102, 107); color: rgb(0, 0, 0); font-style: normal; text-transform: none; white-space: normal; margin-bottom: 1rem !important;\">VOLET EN ALUMINIUM REMPLIE DE \nMOUSSE\n<\/h3><\/h2>\t\t<\/div>\n\t\t\t\t<\/div>\n\t\t\t\t<div class=\"elementor-element elementor-element-8fb53aa elementor-widget elementor-widget-text-editor\" data-id=\"8fb53aa\" data-element_type=\"widget\" data-widget_type=\"text-editor.default\">\n\t\t\t\t<div class=\"elementor-widget-container\">\n\t\t\t\t\t\t\t<p>Les lames sont con\u00e7ues pour les volets roulants de grandes dimensions utilis\u00e9s pour la menuiserie de fen\u00eatres, les portes de grandes dimensions ou les baies vit-r\u00e9es. Une structure solide assure une rigidit\u00e9 \u00e9lev\u00e9e des lames tout en gardant leur aspect \u00e9l\u00e9gant et proportionnel. Les lames sont fabriqu\u00e9es en d\u2019aluminium de qualit\u00e9 sup\u00e9rieure r\u00e9sistante aux intemp\u00e9ries, ce qui garantit leur durabilit\u00e9 de longue dur\u00e9e. De plus, elles sont rem-plies de mousse de polyur\u00e9thane, ce qui assure leur rigidit\u00e9 et robustesse. En fonction de leur usage, il est possible d\u2019utiliser un entra\u00eenement manuel, \u00e0 res-sort ou \u00e9lectrique<\/p>\t\t\t\t\t\t<\/div>\n\t\t\t\t<\/div>\n\t\t\t\t\t<\/div>\n\t\t<\/div>\n\t\t\t\t\t<\/div>\n\t\t<\/section>\n\t\t\t\t<\/div>","protected":false},"excerpt":{"rendered":"<p>VOLET EN ALUMINIUM VOLET ROULANT EXT\u00c9RIEUR Les volets sont devenus l&#8217;un des \u00e9l\u00e9ments les plus fondamentaux de chaque habitas, non seulement parce qu&#8217;ils permettent d&#8217;am\u00e9liorer la qualit\u00e9 de l&#8217;air, mais aussi parce qu&#8217;ils sont plus faciles \u00e0 utiliser. r\u00e9guler la quantit\u00e9 de lumi\u00e8re qui p\u00e9n\u00e8tre \u00e0 l&#8217;int\u00e9rieur, mais aussi parce qu&#8217;ils pr\u00e9ser-vent notre sant\u00e9. la &hellip;<\/p>\n<p class=\"read-more\"> <a class=\"\" href=\"http:\/\/lexity.ma\/en\/volet-en-aluminium\/\"> <span class=\"screen-reader-text\">Volet en aluminium<\/span> Read More &raquo;<\/a><\/p>","protected":false},"author":1,"featured_media":0,"parent":0,"menu_order":0,"comment_status":"closed","ping_status":"closed","template":"","meta":{"site-sidebar-layout":"no-sidebar","site-content-layout":"page-builder","ast-global-header-display":"","ast-main-header-display":"","ast-hfb-above-header-display":"","ast-hfb-below-header-display":"","ast-hfb-mobile-header-display":"","site-post-title":"disabled","ast-breadcrumbs-content":"","ast-featured-img":"disabled","footer-sml-layout":"","theme-transparent-header-meta":"enabled","adv-header-id-meta":"","stick-header-meta":"","header-above-stick-meta":"","header-main-stick-meta":"","header-below-stick-meta":"","footnotes":""},"class_list":["post-2243","page","type-page","status-publish","hentry"],"yoast_head":"<!-- This site is optimized with the Yoast SEO Premium plugin v20.2.1 (Yoast SEO v20.6) - https:\/\/yoast.com\/wordpress\/plugins\/seo\/ -->\n<title>Volet en aluminium - Lexity Maroc<\/title>\n<meta name=\"robots\" content=\"index, follow, max-snippet:-1, max-image-preview:large, max-video-preview:-1\" \/>\n<link rel=\"canonical\" href=\"http:\/\/lexity.ma\/en\/volet-en-aluminium\/\" \/>\n<meta property=\"og:locale\" content=\"en_GB\" \/>\n<meta property=\"og:type\" content=\"article\" \/>\n<meta property=\"og:title\" content=\"Volet en aluminium\" \/>\n<meta property=\"og:description\" content=\"VOLET EN ALUMINIUM VOLET ROULANT EXT\u00c9RIEUR Les volets sont devenus l&#8217;un des \u00e9l\u00e9ments les plus fondamentaux de chaque habitas, non seulement parce qu&#8217;ils permettent d&#8217;am\u00e9liorer la qualit\u00e9 de l&#8217;air, mais aussi parce qu&#8217;ils sont plus faciles \u00e0 utiliser. r\u00e9guler la quantit\u00e9 de lumi\u00e8re qui p\u00e9n\u00e8tre \u00e0 l&#8217;int\u00e9rieur, mais aussi parce qu&#8217;ils pr\u00e9ser-vent notre sant\u00e9. la &hellip; Volet en aluminium Read More &raquo;\" \/>\n<meta property=\"og:url\" content=\"http:\/\/lexity.ma\/en\/volet-en-aluminium\/\" \/>\n<meta property=\"og:site_name\" content=\"Lexity Maroc\" \/>\n<meta property=\"article:modified_time\" content=\"2023-12-12T16:24:39+00:00\" \/>\n<meta name=\"twitter:card\" content=\"summary_large_image\" \/>\n<meta name=\"twitter:label1\" content=\"Est. reading time\" \/>\n\t<meta name=\"twitter:data1\" content=\"2 minutes\" \/>\n<script type=\"application\/ld+json\" class=\"yoast-schema-graph\">{\"@context\":\"https:\/\/schema.org\",\"@graph\":[{\"@type\":\"WebPage\",\"@id\":\"http:\/\/lexity.ma\/volet-en-aluminium\/\",\"url\":\"http:\/\/lexity.ma\/volet-en-aluminium\/\",\"name\":\"Volet en aluminium - Lexity Maroc\",\"isPartOf\":{\"@id\":\"http:\/\/lexity.ma\/en\/#website\"},\"datePublished\":\"2023-12-12T16:12:25+00:00\",\"dateModified\":\"2023-12-12T16:24:39+00:00\",\"breadcrumb\":{\"@id\":\"http:\/\/lexity.ma\/volet-en-aluminium\/#breadcrumb\"},\"inLanguage\":\"en-GB\",\"potentialAction\":[{\"@type\":\"ReadAction\",\"target\":[\"http:\/\/lexity.ma\/volet-en-aluminium\/\"]}]},{\"@type\":\"BreadcrumbList\",\"@id\":\"http:\/\/lexity.ma\/volet-en-aluminium\/#breadcrumb\",\"itemListElement\":[{\"@type\":\"ListItem\",\"position\":1,\"name\":\"Home\",\"item\":\"http:\/\/lexity.ma\/en\/\"},{\"@type\":\"ListItem\",\"position\":2,\"name\":\"Volet en aluminium\"}]},{\"@type\":\"WebSite\",\"@id\":\"http:\/\/lexity.ma\/en\/#website\",\"url\":\"http:\/\/lexity.ma\/en\/\",\"name\":\"Lexity Maroc\",\"description\":\"Entreprise de menuiserie et vitrerie aluminium : un savoir-faire artisanal.\",\"publisher\":{\"@id\":\"http:\/\/lexity.ma\/en\/#organization\"},\"potentialAction\":[{\"@type\":\"SearchAction\",\"target\":{\"@type\":\"EntryPoint\",\"urlTemplate\":\"http:\/\/lexity.ma\/en\/?s={search_term_string}\"},\"query-input\":\"required name=search_term_string\"}],\"inLanguage\":\"en-GB\"},{\"@type\":\"Organization\",\"@id\":\"http:\/\/lexity.ma\/en\/#organization\",\"name\":\"Lexity Maroc\",\"url\":\"http:\/\/lexity.ma\/en\/\",\"logo\":{\"@type\":\"ImageObject\",\"inLanguage\":\"en-GB\",\"@id\":\"http:\/\/lexity.ma\/en\/#\/schema\/logo\/image\/\",\"url\":\"http:\/\/lexity.ma\/wp-content\/uploads\/2023\/12\/cropped-LEXITY-LOGOS-03-1.png\",\"contentUrl\":\"http:\/\/lexity.ma\/wp-content\/uploads\/2023\/12\/cropped-LEXITY-LOGOS-03-1.png\",\"width\":2201,\"height\":2201,\"caption\":\"Lexity Maroc\"},\"image\":{\"@id\":\"http:\/\/lexity.ma\/en\/#\/schema\/logo\/image\/\"}}]}<\/script>\n<!-- \/ Yoast SEO Premium plugin. -->","yoast_head_json":{"title":"Volet en aluminium - Lexity Maroc","robots":{"index":"index","follow":"follow","max-snippet":"max-snippet:-1","max-image-preview":"max-image-preview:large","max-video-preview":"max-video-preview:-1"},"canonical":"http:\/\/lexity.ma\/en\/volet-en-aluminium\/","og_locale":"en_GB","og_type":"article","og_title":"Volet en aluminium","og_description":"VOLET EN ALUMINIUM VOLET ROULANT EXT\u00c9RIEUR Les volets sont devenus l&#8217;un des \u00e9l\u00e9ments les plus fondamentaux de chaque habitas, non seulement parce qu&#8217;ils permettent d&#8217;am\u00e9liorer la qualit\u00e9 de l&#8217;air, mais aussi parce qu&#8217;ils sont plus faciles \u00e0 utiliser. r\u00e9guler la quantit\u00e9 de lumi\u00e8re qui p\u00e9n\u00e8tre \u00e0 l&#8217;int\u00e9rieur, mais aussi parce qu&#8217;ils pr\u00e9ser-vent notre sant\u00e9. la &hellip; Volet en aluminium Read More &raquo;","og_url":"http:\/\/lexity.ma\/en\/volet-en-aluminium\/","og_site_name":"Lexity Maroc","article_modified_time":"2023-12-12T16:24:39+00:00","twitter_card":"summary_large_image","twitter_misc":{"Est. reading time":"2 minutes"},"schema":{"@context":"https:\/\/schema.org","@graph":[{"@type":"WebPage","@id":"http:\/\/lexity.ma\/volet-en-aluminium\/","url":"http:\/\/lexity.ma\/volet-en-aluminium\/","name":"Volet en aluminium - Lexity Maroc","isPartOf":{"@id":"http:\/\/lexity.ma\/en\/#website"},"datePublished":"2023-12-12T16:12:25+00:00","dateModified":"2023-12-12T16:24:39+00:00","breadcrumb":{"@id":"http:\/\/lexity.ma\/volet-en-aluminium\/#breadcrumb"},"inLanguage":"en-GB","potentialAction":[{"@type":"ReadAction","target":["http:\/\/lexity.ma\/volet-en-aluminium\/"]}]},{"@type":"BreadcrumbList","@id":"http:\/\/lexity.ma\/volet-en-aluminium\/#breadcrumb","itemListElement":[{"@type":"ListItem","position":1,"name":"Home","item":"http:\/\/lexity.ma\/en\/"},{"@type":"ListItem","position":2,"name":"Volet en aluminium"}]},{"@type":"WebSite","@id":"http:\/\/lexity.ma\/en\/#website","url":"http:\/\/lexity.ma\/en\/","name":"Lexity Maroc","description":"Entreprise de menuiserie et vitrerie aluminium : un savoir-faire artisanal.","publisher":{"@id":"http:\/\/lexity.ma\/en\/#organization"},"potentialAction":[{"@type":"SearchAction","target":{"@type":"EntryPoint","urlTemplate":"http:\/\/lexity.ma\/en\/?s={search_term_string}"},"query-input":"required name=search_term_string"}],"inLanguage":"en-GB"},{"@type":"Organization","@id":"http:\/\/lexity.ma\/en\/#organization","name":"Lexity Maroc","url":"http:\/\/lexity.ma\/en\/","logo":{"@type":"ImageObject","inLanguage":"en-GB","@id":"http:\/\/lexity.ma\/en\/#\/schema\/logo\/image\/","url":"http:\/\/lexity.ma\/wp-content\/uploads\/2023\/12\/cropped-LEXITY-LOGOS-03-1.png","contentUrl":"http:\/\/lexity.ma\/wp-content\/uploads\/2023\/12\/cropped-LEXITY-LOGOS-03-1.png","width":2201,"height":2201,"caption":"Lexity Maroc"},"image":{"@id":"http:\/\/lexity.ma\/en\/#\/schema\/logo\/image\/"}}]}},"_links":{"self":[{"href":"http:\/\/lexity.ma\/en\/wp-json\/wp\/v2\/pages\/2243","targetHints":{"allow":["GET"]}}],"collection":[{"href":"http:\/\/lexity.ma\/en\/wp-json\/wp\/v2\/pages"}],"about":[{"href":"http:\/\/lexity.ma\/en\/wp-json\/wp\/v2\/types\/page"}],"author":[{"embeddable":true,"href":"http:\/\/lexity.ma\/en\/wp-json\/wp\/v2\/users\/1"}],"replies":[{"embeddable":true,"href":"http:\/\/lexity.ma\/en\/wp-json\/wp\/v2\/comments?post=2243"}],"version-history":[{"count":7,"href":"http:\/\/lexity.ma\/en\/wp-json\/wp\/v2\/pages\/2243\/revisions"}],"predecessor-version":[{"id":2268,"href":"http:\/\/lexity.ma\/en\/wp-json\/wp\/v2\/pages\/2243\/revisions\/2268"}],"wp:attachment":[{"href":"http:\/\/lexity.ma\/en\/wp-json\/wp\/v2\/media?parent=2243"}],"curies":[{"name":"wp","href":"https:\/\/api.w.org\/{rel}","templated":true}]}}