{"id":2202,"date":"2023-12-12T15:44:10","date_gmt":"2023-12-12T15:44:10","guid":{"rendered":"https:\/\/lexity.ma\/?page_id=2202"},"modified":"2023-12-12T16:08:09","modified_gmt":"2023-12-12T16:08:09","slug":"systeme-de-verre-guillotine","status":"publish","type":"page","link":"http:\/\/lexity.ma\/en\/systeme-de-verre-guillotine\/","title":{"rendered":"SYST\u00c8ME DE VERRE \u00c0 GUILLOTINE"},"content":{"rendered":"<div data-elementor-type=\"wp-post\" data-elementor-id=\"2202\" class=\"elementor elementor-2202\">\n\t\t\t\t\t\t<section class=\"elementor-section elementor-top-section elementor-element elementor-element-3906703 elementor-section-full_width elementor-section-height-default elementor-section-height-default\" data-id=\"3906703\" data-element_type=\"section\" data-settings=\"{&quot;background_background&quot;:&quot;classic&quot;}\">\n\t\t\t\t\t\t\t<div class=\"elementor-background-overlay\"><\/div>\n\t\t\t\t\t\t\t<div class=\"elementor-container elementor-column-gap-default\">\n\t\t\t\t\t<div class=\"elementor-column elementor-col-100 elementor-top-column elementor-element elementor-element-24c9f1f\" data-id=\"24c9f1f\" data-element_type=\"column\">\n\t\t\t<div class=\"elementor-widget-wrap elementor-element-populated\">\n\t\t\t\t\t\t<div class=\"elementor-element elementor-element-a5e247a elementor-widget elementor-widget-heading\" data-id=\"a5e247a\" data-element_type=\"widget\" data-widget_type=\"heading.default\">\n\t\t\t\t<div class=\"elementor-widget-container\">\n\t\t\t<style>\/*! elementor - v3.21.0 - 26-05-2024 *\/\n.elementor-heading-title{padding:0;margin:0;line-height:1}.elementor-widget-heading .elementor-heading-title[class*=elementor-size-]>a{color:inherit;font-size:inherit;line-height:inherit}.elementor-widget-heading .elementor-heading-title.elementor-size-small{font-size:15px}.elementor-widget-heading .elementor-heading-title.elementor-size-medium{font-size:19px}.elementor-widget-heading .elementor-heading-title.elementor-size-large{font-size:29px}.elementor-widget-heading .elementor-heading-title.elementor-size-xl{font-size:39px}.elementor-widget-heading .elementor-heading-title.elementor-size-xxl{font-size:59px}<\/style><h1 class=\"elementor-heading-title elementor-size-default\">Syst\u00e8me de verre \u00e0 guillotine<\/h1>\t\t<\/div>\n\t\t\t\t<\/div>\n\t\t\t\t\t<\/div>\n\t\t<\/div>\n\t\t\t\t\t<\/div>\n\t\t<\/section>\n\t\t\t\t<section class=\"elementor-section elementor-top-section elementor-element elementor-element-daedc92 elementor-section-boxed elementor-section-height-default elementor-section-height-default\" data-id=\"daedc92\" data-element_type=\"section\">\n\t\t\t\t\t\t<div class=\"elementor-container elementor-column-gap-default\">\n\t\t\t\t\t<div class=\"elementor-column elementor-col-100 elementor-top-column elementor-element elementor-element-0c35fd2\" data-id=\"0c35fd2\" data-element_type=\"column\">\n\t\t\t<div class=\"elementor-widget-wrap elementor-element-populated\">\n\t\t\t\t\t\t<div class=\"elementor-element elementor-element-478107e elementor-widget elementor-widget-heading\" data-id=\"478107e\" data-element_type=\"widget\" data-widget_type=\"heading.default\">\n\t\t\t\t<div class=\"elementor-widget-container\">\n\t\t\t<h2 class=\"elementor-heading-title elementor-size-default\"><h3 style=\"line-height: 1.2; font-size: 1.75rem; font-family: TTFirsNeueRegular, Arial, sans-serif; border-left: 6px solid rgb(100, 102, 107); padding-left: 16px; border-top-color: rgb(100, 102, 107); border-right-color: rgb(100, 102, 107); border-bottom-color: rgb(100, 102, 107); color: rgb(0, 0, 0); font-style: normal; text-transform: none; white-space: normal; margin-bottom: 1rem !important;\">SYST\u00c8ME DE VERRE \u00c0 GUILLOTINE\n<\/h3><\/h2>\t\t<\/div>\n\t\t\t\t<\/div>\n\t\t\t\t<div class=\"elementor-element elementor-element-c656db3 elementor-widget elementor-widget-text-editor\" data-id=\"c656db3\" data-element_type=\"widget\" data-widget_type=\"text-editor.default\">\n\t\t\t\t<div class=\"elementor-widget-container\">\n\t\t\t<style>\/*! elementor - v3.21.0 - 26-05-2024 *\/\n.elementor-widget-text-editor.elementor-drop-cap-view-stacked .elementor-drop-cap{background-color:#69727d;color:#fff}.elementor-widget-text-editor.elementor-drop-cap-view-framed .elementor-drop-cap{color:#69727d;border:3px solid;background-color:transparent}.elementor-widget-text-editor:not(.elementor-drop-cap-view-default) .elementor-drop-cap{margin-top:8px}.elementor-widget-text-editor:not(.elementor-drop-cap-view-default) .elementor-drop-cap-letter{width:1em;height:1em}.elementor-widget-text-editor .elementor-drop-cap{float:left;text-align:center;line-height:1;font-size:50px}.elementor-widget-text-editor .elementor-drop-cap-letter{display:inline-block}<\/style>\t\t\t\t<p>Le syst\u00e8me de verre \u00e0 guillotine nou-vellement d\u00e9velopp\u00e9 offre une facilit\u00e9 d\u2019ouverture et de fermeture par simple pression d\u2019un bouton avec moteur et t\u00e9l\u00e9commande. <br \/>Gr\u00e2ce au m\u00e9canisme moteur, il s\u2019ouvre et se ferme verticalement. Lorsqu\u2019il est ouvert, une partie fixe peut \u00eatre laiss\u00e9e autant que vous le souhaitez en bas et elle permet une utilisation comme garde-corps.<br \/>Dans le syst\u00e8me de verre \u00e0 guillotine, les verres peuvent \u00eatre appliqu\u00e9s en 2 ou 3 pi\u00e8ces. <br \/>Convient aux balcons, fen\u00eatres, jardin d\u2019hiver, terrasses et auvents de per-gola. <br \/>Motoris\u00e9 et ouverture et fermeture avec le syst\u00e8me de t\u00e9l\u00e9commande. <br \/>Il n\u2019obstrue pas le panorama et votre espace de vue. L\u2019aluminium (RAL) utilis\u00e9 dans le syst\u00e8me de verre \u00e0 guillotine peut \u00eatre peint dans la couleur souhait\u00e9e.<\/p>\t\t\t\t\t\t<\/div>\n\t\t\t\t<\/div>\n\t\t\t\t\t<\/div>\n\t\t<\/div>\n\t\t\t\t\t<\/div>\n\t\t<\/section>\n\t\t\t\t<\/div>","protected":false},"excerpt":{"rendered":"<p>Syst\u00e8me de verre \u00e0 guillotine SYST\u00c8ME DE VERRE \u00c0 GUILLOTINE Le syst\u00e8me de verre \u00e0 guillotine nou-vellement d\u00e9velopp\u00e9 offre une facilit\u00e9 d\u2019ouverture et de fermeture par simple pression d\u2019un bouton avec moteur et t\u00e9l\u00e9commande. Gr\u00e2ce au m\u00e9canisme moteur, il s\u2019ouvre et se ferme verticalement. Lorsqu\u2019il est ouvert, une partie fixe peut \u00eatre laiss\u00e9e autant que &hellip;<\/p>\n<p class=\"read-more\"> <a class=\"\" href=\"http:\/\/lexity.ma\/en\/systeme-de-verre-guillotine\/\"> <span class=\"screen-reader-text\">SYST\u00c8ME DE VERRE \u00c0 GUILLOTINE<\/span> Read More &raquo;<\/a><\/p>","protected":false},"author":1,"featured_media":0,"parent":0,"menu_order":0,"comment_status":"closed","ping_status":"closed","template":"","meta":{"site-sidebar-layout":"no-sidebar","site-content-layout":"page-builder","ast-global-header-display":"","ast-main-header-display":"","ast-hfb-above-header-display":"","ast-hfb-below-header-display":"","ast-hfb-mobile-header-display":"","site-post-title":"disabled","ast-breadcrumbs-content":"","ast-featured-img":"disabled","footer-sml-layout":"","theme-transparent-header-meta":"enabled","adv-header-id-meta":"","stick-header-meta":"","header-above-stick-meta":"","header-main-stick-meta":"","header-below-stick-meta":"","footnotes":""},"class_list":["post-2202","page","type-page","status-publish","hentry"],"yoast_head":"<!-- This site is optimized with the Yoast SEO Premium plugin v20.2.1 (Yoast SEO v20.6) - https:\/\/yoast.com\/wordpress\/plugins\/seo\/ -->\n<title>SYST\u00c8ME DE VERRE \u00c0 GUILLOTINE - Lexity Maroc<\/title>\n<meta name=\"robots\" content=\"index, follow, max-snippet:-1, max-image-preview:large, max-video-preview:-1\" \/>\n<link rel=\"canonical\" href=\"http:\/\/lexity.ma\/en\/systeme-de-verre-guillotine\/\" \/>\n<meta property=\"og:locale\" content=\"en_GB\" \/>\n<meta property=\"og:type\" content=\"article\" \/>\n<meta property=\"og:title\" content=\"SYST\u00c8ME DE VERRE \u00c0 GUILLOTINE\" \/>\n<meta property=\"og:description\" content=\"Syst\u00e8me de verre \u00e0 guillotine SYST\u00c8ME DE VERRE \u00c0 GUILLOTINE Le syst\u00e8me de verre \u00e0 guillotine nou-vellement d\u00e9velopp\u00e9 offre une facilit\u00e9 d\u2019ouverture et de fermeture par simple pression d\u2019un bouton avec moteur et t\u00e9l\u00e9commande. Gr\u00e2ce au m\u00e9canisme moteur, il s\u2019ouvre et se ferme verticalement. Lorsqu\u2019il est ouvert, une partie fixe peut \u00eatre laiss\u00e9e autant que &hellip; SYST\u00c8ME DE VERRE \u00c0 GUILLOTINE Read More &raquo;\" \/>\n<meta property=\"og:url\" content=\"http:\/\/lexity.ma\/en\/systeme-de-verre-guillotine\/\" \/>\n<meta property=\"og:site_name\" content=\"Lexity Maroc\" \/>\n<meta property=\"article:modified_time\" content=\"2023-12-12T16:08:09+00:00\" \/>\n<meta name=\"twitter:card\" content=\"summary_large_image\" \/>\n<meta name=\"twitter:label1\" content=\"Est. reading time\" \/>\n\t<meta name=\"twitter:data1\" content=\"1 minute\" \/>\n<script type=\"application\/ld+json\" class=\"yoast-schema-graph\">{\"@context\":\"https:\/\/schema.org\",\"@graph\":[{\"@type\":\"WebPage\",\"@id\":\"http:\/\/lexity.ma\/systeme-de-verre-guillotine\/\",\"url\":\"http:\/\/lexity.ma\/systeme-de-verre-guillotine\/\",\"name\":\"SYST\u00c8ME DE VERRE \u00c0 GUILLOTINE - Lexity Maroc\",\"isPartOf\":{\"@id\":\"http:\/\/lexity.ma\/en\/#website\"},\"datePublished\":\"2023-12-12T15:44:10+00:00\",\"dateModified\":\"2023-12-12T16:08:09+00:00\",\"breadcrumb\":{\"@id\":\"http:\/\/lexity.ma\/systeme-de-verre-guillotine\/#breadcrumb\"},\"inLanguage\":\"en-GB\",\"potentialAction\":[{\"@type\":\"ReadAction\",\"target\":[\"http:\/\/lexity.ma\/systeme-de-verre-guillotine\/\"]}]},{\"@type\":\"BreadcrumbList\",\"@id\":\"http:\/\/lexity.ma\/systeme-de-verre-guillotine\/#breadcrumb\",\"itemListElement\":[{\"@type\":\"ListItem\",\"position\":1,\"name\":\"Home\",\"item\":\"http:\/\/lexity.ma\/en\/\"},{\"@type\":\"ListItem\",\"position\":2,\"name\":\"SYST\u00c8ME DE VERRE \u00c0 GUILLOTINE\"}]},{\"@type\":\"WebSite\",\"@id\":\"http:\/\/lexity.ma\/en\/#website\",\"url\":\"http:\/\/lexity.ma\/en\/\",\"name\":\"Lexity Maroc\",\"description\":\"Entreprise de menuiserie et vitrerie aluminium : un savoir-faire artisanal.\",\"publisher\":{\"@id\":\"http:\/\/lexity.ma\/en\/#organization\"},\"potentialAction\":[{\"@type\":\"SearchAction\",\"target\":{\"@type\":\"EntryPoint\",\"urlTemplate\":\"http:\/\/lexity.ma\/en\/?s={search_term_string}\"},\"query-input\":\"required name=search_term_string\"}],\"inLanguage\":\"en-GB\"},{\"@type\":\"Organization\",\"@id\":\"http:\/\/lexity.ma\/en\/#organization\",\"name\":\"Lexity Maroc\",\"url\":\"http:\/\/lexity.ma\/en\/\",\"logo\":{\"@type\":\"ImageObject\",\"inLanguage\":\"en-GB\",\"@id\":\"http:\/\/lexity.ma\/en\/#\/schema\/logo\/image\/\",\"url\":\"http:\/\/lexity.ma\/wp-content\/uploads\/2023\/12\/cropped-LEXITY-LOGOS-03-1.png\",\"contentUrl\":\"http:\/\/lexity.ma\/wp-content\/uploads\/2023\/12\/cropped-LEXITY-LOGOS-03-1.png\",\"width\":2201,\"height\":2201,\"caption\":\"Lexity Maroc\"},\"image\":{\"@id\":\"http:\/\/lexity.ma\/en\/#\/schema\/logo\/image\/\"}}]}<\/script>\n<!-- \/ Yoast SEO Premium plugin. -->","yoast_head_json":{"title":"SYST\u00c8ME DE VERRE \u00c0 GUILLOTINE - Lexity Maroc","robots":{"index":"index","follow":"follow","max-snippet":"max-snippet:-1","max-image-preview":"max-image-preview:large","max-video-preview":"max-video-preview:-1"},"canonical":"http:\/\/lexity.ma\/en\/systeme-de-verre-guillotine\/","og_locale":"en_GB","og_type":"article","og_title":"SYST\u00c8ME DE VERRE \u00c0 GUILLOTINE","og_description":"Syst\u00e8me de verre \u00e0 guillotine SYST\u00c8ME DE VERRE \u00c0 GUILLOTINE Le syst\u00e8me de verre \u00e0 guillotine nou-vellement d\u00e9velopp\u00e9 offre une facilit\u00e9 d\u2019ouverture et de fermeture par simple pression d\u2019un bouton avec moteur et t\u00e9l\u00e9commande. Gr\u00e2ce au m\u00e9canisme moteur, il s\u2019ouvre et se ferme verticalement. Lorsqu\u2019il est ouvert, une partie fixe peut \u00eatre laiss\u00e9e autant que &hellip; SYST\u00c8ME DE VERRE \u00c0 GUILLOTINE Read More &raquo;","og_url":"http:\/\/lexity.ma\/en\/systeme-de-verre-guillotine\/","og_site_name":"Lexity Maroc","article_modified_time":"2023-12-12T16:08:09+00:00","twitter_card":"summary_large_image","twitter_misc":{"Est. reading time":"1 minute"},"schema":{"@context":"https:\/\/schema.org","@graph":[{"@type":"WebPage","@id":"http:\/\/lexity.ma\/systeme-de-verre-guillotine\/","url":"http:\/\/lexity.ma\/systeme-de-verre-guillotine\/","name":"SYST\u00c8ME DE VERRE \u00c0 GUILLOTINE - Lexity Maroc","isPartOf":{"@id":"http:\/\/lexity.ma\/en\/#website"},"datePublished":"2023-12-12T15:44:10+00:00","dateModified":"2023-12-12T16:08:09+00:00","breadcrumb":{"@id":"http:\/\/lexity.ma\/systeme-de-verre-guillotine\/#breadcrumb"},"inLanguage":"en-GB","potentialAction":[{"@type":"ReadAction","target":["http:\/\/lexity.ma\/systeme-de-verre-guillotine\/"]}]},{"@type":"BreadcrumbList","@id":"http:\/\/lexity.ma\/systeme-de-verre-guillotine\/#breadcrumb","itemListElement":[{"@type":"ListItem","position":1,"name":"Home","item":"http:\/\/lexity.ma\/en\/"},{"@type":"ListItem","position":2,"name":"SYST\u00c8ME DE VERRE \u00c0 GUILLOTINE"}]},{"@type":"WebSite","@id":"http:\/\/lexity.ma\/en\/#website","url":"http:\/\/lexity.ma\/en\/","name":"Lexity Maroc","description":"Entreprise de menuiserie et vitrerie aluminium : un savoir-faire artisanal.","publisher":{"@id":"http:\/\/lexity.ma\/en\/#organization"},"potentialAction":[{"@type":"SearchAction","target":{"@type":"EntryPoint","urlTemplate":"http:\/\/lexity.ma\/en\/?s={search_term_string}"},"query-input":"required name=search_term_string"}],"inLanguage":"en-GB"},{"@type":"Organization","@id":"http:\/\/lexity.ma\/en\/#organization","name":"Lexity Maroc","url":"http:\/\/lexity.ma\/en\/","logo":{"@type":"ImageObject","inLanguage":"en-GB","@id":"http:\/\/lexity.ma\/en\/#\/schema\/logo\/image\/","url":"http:\/\/lexity.ma\/wp-content\/uploads\/2023\/12\/cropped-LEXITY-LOGOS-03-1.png","contentUrl":"http:\/\/lexity.ma\/wp-content\/uploads\/2023\/12\/cropped-LEXITY-LOGOS-03-1.png","width":2201,"height":2201,"caption":"Lexity Maroc"},"image":{"@id":"http:\/\/lexity.ma\/en\/#\/schema\/logo\/image\/"}}]}},"_links":{"self":[{"href":"http:\/\/lexity.ma\/en\/wp-json\/wp\/v2\/pages\/2202","targetHints":{"allow":["GET"]}}],"collection":[{"href":"http:\/\/lexity.ma\/en\/wp-json\/wp\/v2\/pages"}],"about":[{"href":"http:\/\/lexity.ma\/en\/wp-json\/wp\/v2\/types\/page"}],"author":[{"embeddable":true,"href":"http:\/\/lexity.ma\/en\/wp-json\/wp\/v2\/users\/1"}],"replies":[{"embeddable":true,"href":"http:\/\/lexity.ma\/en\/wp-json\/wp\/v2\/comments?post=2202"}],"version-history":[{"count":7,"href":"http:\/\/lexity.ma\/en\/wp-json\/wp\/v2\/pages\/2202\/revisions"}],"predecessor-version":[{"id":2237,"href":"http:\/\/lexity.ma\/en\/wp-json\/wp\/v2\/pages\/2202\/revisions\/2237"}],"wp:attachment":[{"href":"http:\/\/lexity.ma\/en\/wp-json\/wp\/v2\/media?parent=2202"}],"curies":[{"name":"wp","href":"https:\/\/api.w.org\/{rel}","templated":true}]}}